{"id":88333,"date":"2024-03-28T08:27:54","date_gmt":"2024-03-28T08:27:54","guid":{"rendered":"https:\/\/www.softswiss.com\/?page_id=88333"},"modified":"2025-05-29T14:22:42","modified_gmt":"2025-05-29T14:22:42","slug":"migration","status":"publish","type":"page","link":"https:\/\/www.softswiss.com\/pt\/casino-platform\/migration\/","title":{"rendered":"Migra\u00e7\u00e3o da Plataforma de Cassino SOFTSWISS"},"content":[],"excerpt":{"rendered":"","protected":false},"author":45,"featured_media":142388,"parent":241655,"menu_order":0,"comment_status":"closed","ping_status":"closed","template":"page-templates\/landing_report.php","meta":{"_acf_changed":false,"limit_modified_date":"","last_modified_date":"","ep_exclude_from_search":false,"footnotes":""},"class_list":["post-88333","page","type-page","status-publish","has-post-thumbnail","hentry"],"acf":[],"yoast_head":"<!-- This site is optimized with the Yoast SEO plugin v27.3 - https:\/\/yoast.com\/product\/yoast-seo-wordpress\/ -->\n<title>Migra\u00e7\u00e3o da Plataforma de Cassino SOFTSWISS | SOFTSWISS<\/title>\n<meta name=\"description\" content=\"Migre sua plataforma de iGaming de forma f\u00e1cil para uma entrada mais r\u00e1pida no mercado, uma experi\u00eancia superior para os jogadores e desempenho incompar\u00e1vel.\" \/>\n<meta name=\"robots\" content=\"index, follow, max-snippet:-1, max-image-preview:large, max-video-preview:-1\" \/>\n<link rel=\"canonical\" href=\"https:\/\/www.softswiss.com\/pt\/casino-platform\/migration\/\" \/>\n<meta property=\"og:locale\" content=\"pt_PT\" \/>\n<meta property=\"og:type\" content=\"article\" \/>\n<meta property=\"og:title\" content=\"Migra\u00e7\u00e3o da Plataforma de Cassino SOFTSWISS | SOFTSWISS\" \/>\n<meta property=\"og:description\" content=\"Migre sua plataforma de iGaming de forma f\u00e1cil para uma entrada mais r\u00e1pida no mercado, uma experi\u00eancia superior para os jogadores e desempenho incompar\u00e1vel.\" \/>\n<meta property=\"og:url\" content=\"https:\/\/www.softswiss.com\/pt\/casino-platform\/migration\/\" \/>\n<meta property=\"og:site_name\" content=\"SOFTSWISS\" \/>\n<meta property=\"article:modified_time\" content=\"2025-05-29T14:22:42+00:00\" \/>\n<meta property=\"og:image\" content=\"https:\/\/www.softswiss.com\/wp-content\/uploads\/2025\/01\/softswiss.webp\" \/>\n\t<meta property=\"og:image:width\" content=\"1200\" \/>\n\t<meta property=\"og:image:height\" content=\"630\" \/>\n\t<meta property=\"og:image:type\" content=\"image\/webp\" \/>\n<meta name=\"twitter:card\" content=\"summary_large_image\" \/>\n<script type=\"application\/ld+json\" class=\"yoast-schema-graph\">{\"@context\":\"https:\\\/\\\/schema.org\",\"@graph\":[{\"@type\":\"WebPage\",\"@id\":\"https:\\\/\\\/www.softswiss.com\\\/pt\\\/casino-platform\\\/migration\\\/\",\"url\":\"https:\\\/\\\/www.softswiss.com\\\/pt\\\/casino-platform\\\/migration\\\/\",\"name\":\"Migra\u00e7\u00e3o da Plataforma de Cassino SOFTSWISS | SOFTSWISS\",\"isPartOf\":{\"@id\":\"https:\\\/\\\/www.softswiss.com\\\/pt\\\/#website\"},\"primaryImageOfPage\":{\"@id\":\"https:\\\/\\\/www.softswiss.com\\\/pt\\\/casino-platform\\\/migration\\\/#primaryimage\"},\"image\":{\"@id\":\"https:\\\/\\\/www.softswiss.com\\\/pt\\\/casino-platform\\\/migration\\\/#primaryimage\"},\"thumbnailUrl\":\"https:\\\/\\\/www.softswiss.com\\\/wp-content\\\/uploads\\\/2025\\\/01\\\/softswiss.webp\",\"datePublished\":\"2024-03-28T08:27:54+00:00\",\"dateModified\":\"2025-05-29T14:22:42+00:00\",\"description\":\"Migre sua plataforma de iGaming de forma f\u00e1cil para uma entrada mais r\u00e1pida no mercado, uma experi\u00eancia superior para os jogadores e desempenho incompar\u00e1vel.\",\"breadcrumb\":{\"@id\":\"https:\\\/\\\/www.softswiss.com\\\/pt\\\/casino-platform\\\/migration\\\/#breadcrumb\"},\"inLanguage\":\"pt-PT\",\"potentialAction\":[{\"@type\":\"ReadAction\",\"target\":[\"https:\\\/\\\/www.softswiss.com\\\/pt\\\/casino-platform\\\/migration\\\/\"]}]},{\"@type\":\"ImageObject\",\"inLanguage\":\"pt-PT\",\"@id\":\"https:\\\/\\\/www.softswiss.com\\\/pt\\\/casino-platform\\\/migration\\\/#primaryimage\",\"url\":\"https:\\\/\\\/www.softswiss.com\\\/wp-content\\\/uploads\\\/2025\\\/01\\\/softswiss.webp\",\"contentUrl\":\"https:\\\/\\\/www.softswiss.com\\\/wp-content\\\/uploads\\\/2025\\\/01\\\/softswiss.webp\",\"width\":1200,\"height\":630,\"caption\":\"softswiss-featured-image\"},{\"@type\":\"BreadcrumbList\",\"@id\":\"https:\\\/\\\/www.softswiss.com\\\/pt\\\/casino-platform\\\/migration\\\/#breadcrumb\",\"itemListElement\":[{\"@type\":\"ListItem\",\"position\":1,\"name\":\"Home\",\"item\":\"https:\\\/\\\/www.softswiss.com\\\/pt\\\/\"},{\"@type\":\"ListItem\",\"position\":2,\"name\":\"Online Casino Platform\",\"item\":\"https:\\\/\\\/www.softswiss.com\\\/pt\\\/casino-platform\\\/\"},{\"@type\":\"ListItem\",\"position\":3,\"name\":\"Migra\u00e7\u00e3o da Plataforma de Cassino SOFTSWISS\"}]},{\"@type\":\"WebSite\",\"@id\":\"https:\\\/\\\/www.softswiss.com\\\/pt\\\/#website\",\"url\":\"https:\\\/\\\/www.softswiss.com\\\/pt\\\/\",\"name\":\"SOFTSWISS\",\"description\":\"iGaming software provider\",\"publisher\":{\"@id\":\"https:\\\/\\\/www.softswiss.com\\\/pt\\\/#organization\"},\"potentialAction\":[{\"@type\":\"SearchAction\",\"target\":{\"@type\":\"EntryPoint\",\"urlTemplate\":\"https:\\\/\\\/www.softswiss.com\\\/pt\\\/?s={search_term_string}\"},\"query-input\":{\"@type\":\"PropertyValueSpecification\",\"valueRequired\":true,\"valueName\":\"search_term_string\"}}],\"inLanguage\":\"pt-PT\"},{\"@type\":\"Organization\",\"@id\":\"https:\\\/\\\/www.softswiss.com\\\/pt\\\/#organization\",\"name\":\"SOFTSWISS\",\"url\":\"https:\\\/\\\/www.softswiss.com\\\/pt\\\/\",\"logo\":{\"@type\":\"ImageObject\",\"inLanguage\":\"pt-PT\",\"@id\":\"https:\\\/\\\/www.softswiss.com\\\/pt\\\/#\\\/schema\\\/logo\\\/image\\\/\",\"url\":\"https:\\\/\\\/www.softswiss.com\\\/wp-content\\\/uploads\\\/2022\\\/04\\\/softswiss-logo-icon.jpg\",\"contentUrl\":\"https:\\\/\\\/www.softswiss.com\\\/wp-content\\\/uploads\\\/2022\\\/04\\\/softswiss-logo-icon.jpg\",\"width\":1024,\"height\":1024,\"caption\":\"SOFTSWISS\"},\"image\":{\"@id\":\"https:\\\/\\\/www.softswiss.com\\\/pt\\\/#\\\/schema\\\/logo\\\/image\\\/\"}}]}<\/script>\n<!-- \/ Yoast SEO plugin. -->","yoast_head_json":{"title":"Migra\u00e7\u00e3o da Plataforma de Cassino SOFTSWISS | SOFTSWISS","description":"Migre sua plataforma de iGaming de forma f\u00e1cil para uma entrada mais r\u00e1pida no mercado, uma experi\u00eancia superior para os jogadores e desempenho incompar\u00e1vel.","robots":{"index":"index","follow":"follow","max-snippet":"max-snippet:-1","max-image-preview":"max-image-preview:large","max-video-preview":"max-video-preview:-1"},"canonical":"https:\/\/www.softswiss.com\/pt\/casino-platform\/migration\/","og_locale":"pt_PT","og_type":"article","og_title":"Migra\u00e7\u00e3o da Plataforma de Cassino SOFTSWISS | SOFTSWISS","og_description":"Migre sua plataforma de iGaming de forma f\u00e1cil para uma entrada mais r\u00e1pida no mercado, uma experi\u00eancia superior para os jogadores e desempenho incompar\u00e1vel.","og_url":"https:\/\/www.softswiss.com\/pt\/casino-platform\/migration\/","og_site_name":"SOFTSWISS","article_modified_time":"2025-05-29T14:22:42+00:00","og_image":[{"width":1200,"height":630,"url":"https:\/\/www.softswiss.com\/wp-content\/uploads\/2025\/01\/softswiss.webp","type":"image\/webp"}],"twitter_card":"summary_large_image","schema":{"@context":"https:\/\/schema.org","@graph":[{"@type":"WebPage","@id":"https:\/\/www.softswiss.com\/pt\/casino-platform\/migration\/","url":"https:\/\/www.softswiss.com\/pt\/casino-platform\/migration\/","name":"Migra\u00e7\u00e3o da Plataforma de Cassino SOFTSWISS | SOFTSWISS","isPartOf":{"@id":"https:\/\/www.softswiss.com\/pt\/#website"},"primaryImageOfPage":{"@id":"https:\/\/www.softswiss.com\/pt\/casino-platform\/migration\/#primaryimage"},"image":{"@id":"https:\/\/www.softswiss.com\/pt\/casino-platform\/migration\/#primaryimage"},"thumbnailUrl":"https:\/\/www.softswiss.com\/wp-content\/uploads\/2025\/01\/softswiss.webp","datePublished":"2024-03-28T08:27:54+00:00","dateModified":"2025-05-29T14:22:42+00:00","description":"Migre sua plataforma de iGaming de forma f\u00e1cil para uma entrada mais r\u00e1pida no mercado, uma experi\u00eancia superior para os jogadores e desempenho incompar\u00e1vel.","breadcrumb":{"@id":"https:\/\/www.softswiss.com\/pt\/casino-platform\/migration\/#breadcrumb"},"inLanguage":"pt-PT","potentialAction":[{"@type":"ReadAction","target":["https:\/\/www.softswiss.com\/pt\/casino-platform\/migration\/"]}]},{"@type":"ImageObject","inLanguage":"pt-PT","@id":"https:\/\/www.softswiss.com\/pt\/casino-platform\/migration\/#primaryimage","url":"https:\/\/www.softswiss.com\/wp-content\/uploads\/2025\/01\/softswiss.webp","contentUrl":"https:\/\/www.softswiss.com\/wp-content\/uploads\/2025\/01\/softswiss.webp","width":1200,"height":630,"caption":"softswiss-featured-image"},{"@type":"BreadcrumbList","@id":"https:\/\/www.softswiss.com\/pt\/casino-platform\/migration\/#breadcrumb","itemListElement":[{"@type":"ListItem","position":1,"name":"Home","item":"https:\/\/www.softswiss.com\/pt\/"},{"@type":"ListItem","position":2,"name":"Online Casino Platform","item":"https:\/\/www.softswiss.com\/pt\/casino-platform\/"},{"@type":"ListItem","position":3,"name":"Migra\u00e7\u00e3o da Plataforma de Cassino SOFTSWISS"}]},{"@type":"WebSite","@id":"https:\/\/www.softswiss.com\/pt\/#website","url":"https:\/\/www.softswiss.com\/pt\/","name":"SOFTSWISS","description":"iGaming software provider","publisher":{"@id":"https:\/\/www.softswiss.com\/pt\/#organization"},"potentialAction":[{"@type":"SearchAction","target":{"@type":"EntryPoint","urlTemplate":"https:\/\/www.softswiss.com\/pt\/?s={search_term_string}"},"query-input":{"@type":"PropertyValueSpecification","valueRequired":true,"valueName":"search_term_string"}}],"inLanguage":"pt-PT"},{"@type":"Organization","@id":"https:\/\/www.softswiss.com\/pt\/#organization","name":"SOFTSWISS","url":"https:\/\/www.softswiss.com\/pt\/","logo":{"@type":"ImageObject","inLanguage":"pt-PT","@id":"https:\/\/www.softswiss.com\/pt\/#\/schema\/logo\/image\/","url":"https:\/\/www.softswiss.com\/wp-content\/uploads\/2022\/04\/softswiss-logo-icon.jpg","contentUrl":"https:\/\/www.softswiss.com\/wp-content\/uploads\/2022\/04\/softswiss-logo-icon.jpg","width":1024,"height":1024,"caption":"SOFTSWISS"},"image":{"@id":"https:\/\/www.softswiss.com\/pt\/#\/schema\/logo\/image\/"}}]}},"_links":{"self":[{"href":"https:\/\/www.softswiss.com\/pt\/wp-json\/wp\/v2\/pages\/88333","targetHints":{"allow":["GET"]}}],"collection":[{"href":"https:\/\/www.softswiss.com\/pt\/wp-json\/wp\/v2\/pages"}],"about":[{"href":"https:\/\/www.softswiss.com\/pt\/wp-json\/wp\/v2\/types\/page"}],"author":[{"embeddable":true,"href":"https:\/\/www.softswiss.com\/pt\/wp-json\/wp\/v2\/users\/45"}],"replies":[{"embeddable":true,"href":"https:\/\/www.softswiss.com\/pt\/wp-json\/wp\/v2\/comments?post=88333"}],"version-history":[{"count":7,"href":"https:\/\/www.softswiss.com\/pt\/wp-json\/wp\/v2\/pages\/88333\/revisions"}],"predecessor-version":[{"id":241956,"href":"https:\/\/www.softswiss.com\/pt\/wp-json\/wp\/v2\/pages\/88333\/revisions\/241956"}],"up":[{"embeddable":true,"href":"https:\/\/www.softswiss.com\/pt\/wp-json\/wp\/v2\/pages\/241655"}],"wp:featuredmedia":[{"embeddable":true,"href":"https:\/\/www.softswiss.com\/pt\/wp-json\/wp\/v2\/media\/142388"}],"wp:attachment":[{"href":"https:\/\/www.softswiss.com\/pt\/wp-json\/wp\/v2\/media?parent=88333"}],"wp:term":[{"taxonomy":"content","embeddable":true,"href":"https:\/\/www.softswiss.com\/pt\/wp-json\/wp\/v2\/content?post=88333"}],"curies":[{"name":"wp","href":"https:\/\/api.w.org\/{rel}","templated":true}]}}