{"id":85926,"date":"2024-01-08T11:07:00","date_gmt":"2024-01-08T11:07:00","guid":{"rendered":"https:\/\/www.softswiss.com\/?page_id=85926"},"modified":"2026-04-23T08:17:59","modified_gmt":"2026-04-23T08:17:59","slug":"reports","status":"publish","type":"page","link":"https:\/\/www.softswiss.com\/pt\/reports\/","title":{"rendered":"Relat\u00f3rios de iGaming"},"content":[],"excerpt":{"rendered":"","protected":false},"author":45,"featured_media":300730,"parent":0,"menu_order":0,"comment_status":"closed","ping_status":"closed","template":"page-templates\/lead_magnets.php","meta":{"_acf_changed":false,"limit_modified_date":"","last_modified_date":"","ep_exclude_from_search":false,"footnotes":""},"class_list":["post-85926","page","type-page","status-publish","has-post-thumbnail","hentry"],"acf":[],"yoast_head":"<!-- This site is optimized with the Yoast SEO plugin v27.3 - https:\/\/yoast.com\/product\/yoast-seo-wordpress\/ -->\n<title>Relat\u00f3rios de iGaming | SOFTSWISS<\/title>\n<meta name=\"description\" content=\"Explore a cole\u00e7\u00e3o de relat\u00f3rios de iGaming da SOFTSWISS. Obtenha insights e estrat\u00e9gias fundamentais para impulsionar o crescimento e o desenvolvimento da marca de jogos online. Mergulhe agora!\" \/>\n<meta name=\"robots\" content=\"index, follow, max-snippet:-1, max-image-preview:large, max-video-preview:-1\" \/>\n<link rel=\"canonical\" href=\"https:\/\/www.softswiss.com\/pt\/reports\/\" \/>\n<meta property=\"og:locale\" content=\"pt_PT\" \/>\n<meta property=\"og:type\" content=\"article\" \/>\n<meta property=\"og:title\" content=\"Relat\u00f3rios de iGaming | SOFTSWISS\" \/>\n<meta property=\"og:description\" content=\"Explore a cole\u00e7\u00e3o de relat\u00f3rios de iGaming da SOFTSWISS. Obtenha insights e estrat\u00e9gias fundamentais para impulsionar o crescimento e o desenvolvimento da marca de jogos online. Mergulhe agora!\" \/>\n<meta property=\"og:url\" content=\"https:\/\/www.softswiss.com\/pt\/reports\/\" \/>\n<meta property=\"og:site_name\" content=\"SOFTSWISS\" \/>\n<meta property=\"article:modified_time\" content=\"2026-04-23T08:17:59+00:00\" \/>\n<meta property=\"og:image\" content=\"https:\/\/www.softswiss.com\/wp-content\/uploads\/2025\/12\/1800x941_-iGaming-Reports-2026-SOFTSWISS-2.webp\" \/>\n\t<meta property=\"og:image:width\" content=\"1800\" \/>\n\t<meta property=\"og:image:height\" content=\"941\" \/>\n\t<meta property=\"og:image:type\" content=\"image\/webp\" \/>\n<meta name=\"twitter:card\" content=\"summary_large_image\" \/>\n<script type=\"application\/ld+json\" class=\"yoast-schema-graph\">{\"@context\":\"https:\\\/\\\/schema.org\",\"@graph\":[{\"@type\":\"WebPage\",\"@id\":\"https:\\\/\\\/www.softswiss.com\\\/pt\\\/reports\\\/\",\"url\":\"https:\\\/\\\/www.softswiss.com\\\/pt\\\/reports\\\/\",\"name\":\"Relat\u00f3rios de iGaming | SOFTSWISS\",\"isPartOf\":{\"@id\":\"https:\\\/\\\/www.softswiss.com\\\/pt\\\/#website\"},\"primaryImageOfPage\":{\"@id\":\"https:\\\/\\\/www.softswiss.com\\\/pt\\\/reports\\\/#primaryimage\"},\"image\":{\"@id\":\"https:\\\/\\\/www.softswiss.com\\\/pt\\\/reports\\\/#primaryimage\"},\"thumbnailUrl\":\"https:\\\/\\\/www.softswiss.com\\\/wp-content\\\/uploads\\\/2025\\\/12\\\/1800x941_-iGaming-Reports-2026-SOFTSWISS-2.webp\",\"datePublished\":\"2024-01-08T11:07:00+00:00\",\"dateModified\":\"2026-04-23T08:17:59+00:00\",\"description\":\"Explore a cole\u00e7\u00e3o de relat\u00f3rios de iGaming da SOFTSWISS. Obtenha insights e estrat\u00e9gias fundamentais para impulsionar o crescimento e o desenvolvimento da marca de jogos online. Mergulhe agora!\",\"breadcrumb\":{\"@id\":\"https:\\\/\\\/www.softswiss.com\\\/pt\\\/reports\\\/#breadcrumb\"},\"inLanguage\":\"pt-PT\",\"potentialAction\":[{\"@type\":\"ReadAction\",\"target\":[\"https:\\\/\\\/www.softswiss.com\\\/pt\\\/reports\\\/\"]}]},{\"@type\":\"ImageObject\",\"inLanguage\":\"pt-PT\",\"@id\":\"https:\\\/\\\/www.softswiss.com\\\/pt\\\/reports\\\/#primaryimage\",\"url\":\"https:\\\/\\\/www.softswiss.com\\\/wp-content\\\/uploads\\\/2025\\\/12\\\/1800x941_-iGaming-Reports-2026-SOFTSWISS-2.webp\",\"contentUrl\":\"https:\\\/\\\/www.softswiss.com\\\/wp-content\\\/uploads\\\/2025\\\/12\\\/1800x941_-iGaming-Reports-2026-SOFTSWISS-2.webp\",\"width\":1800,\"height\":941,\"caption\":\"relat\u00f3rios de igaming 2026 download gratuito\"},{\"@type\":\"BreadcrumbList\",\"@id\":\"https:\\\/\\\/www.softswiss.com\\\/pt\\\/reports\\\/#breadcrumb\",\"itemListElement\":[{\"@type\":\"ListItem\",\"position\":1,\"name\":\"Home\",\"item\":\"https:\\\/\\\/www.softswiss.com\\\/pt\\\/\"},{\"@type\":\"ListItem\",\"position\":2,\"name\":\"Relat\u00f3rios de iGaming\"}]},{\"@type\":\"WebSite\",\"@id\":\"https:\\\/\\\/www.softswiss.com\\\/pt\\\/#website\",\"url\":\"https:\\\/\\\/www.softswiss.com\\\/pt\\\/\",\"name\":\"SOFTSWISS\",\"description\":\"iGaming software provider\",\"publisher\":{\"@id\":\"https:\\\/\\\/www.softswiss.com\\\/pt\\\/#organization\"},\"potentialAction\":[{\"@type\":\"SearchAction\",\"target\":{\"@type\":\"EntryPoint\",\"urlTemplate\":\"https:\\\/\\\/www.softswiss.com\\\/pt\\\/?s={search_term_string}\"},\"query-input\":{\"@type\":\"PropertyValueSpecification\",\"valueRequired\":true,\"valueName\":\"search_term_string\"}}],\"inLanguage\":\"pt-PT\"},{\"@type\":\"Organization\",\"@id\":\"https:\\\/\\\/www.softswiss.com\\\/pt\\\/#organization\",\"name\":\"SOFTSWISS\",\"url\":\"https:\\\/\\\/www.softswiss.com\\\/pt\\\/\",\"logo\":{\"@type\":\"ImageObject\",\"inLanguage\":\"pt-PT\",\"@id\":\"https:\\\/\\\/www.softswiss.com\\\/pt\\\/#\\\/schema\\\/logo\\\/image\\\/\",\"url\":\"https:\\\/\\\/www.softswiss.com\\\/wp-content\\\/uploads\\\/2022\\\/04\\\/softswiss-logo-icon.jpg\",\"contentUrl\":\"https:\\\/\\\/www.softswiss.com\\\/wp-content\\\/uploads\\\/2022\\\/04\\\/softswiss-logo-icon.jpg\",\"width\":1024,\"height\":1024,\"caption\":\"SOFTSWISS\"},\"image\":{\"@id\":\"https:\\\/\\\/www.softswiss.com\\\/pt\\\/#\\\/schema\\\/logo\\\/image\\\/\"}}]}<\/script>\n<!-- \/ Yoast SEO plugin. -->","yoast_head_json":{"title":"Relat\u00f3rios de iGaming | SOFTSWISS","description":"Explore a cole\u00e7\u00e3o de relat\u00f3rios de iGaming da SOFTSWISS. Obtenha insights e estrat\u00e9gias fundamentais para impulsionar o crescimento e o desenvolvimento da marca de jogos online. Mergulhe agora!","robots":{"index":"index","follow":"follow","max-snippet":"max-snippet:-1","max-image-preview":"max-image-preview:large","max-video-preview":"max-video-preview:-1"},"canonical":"https:\/\/www.softswiss.com\/pt\/reports\/","og_locale":"pt_PT","og_type":"article","og_title":"Relat\u00f3rios de iGaming | SOFTSWISS","og_description":"Explore a cole\u00e7\u00e3o de relat\u00f3rios de iGaming da SOFTSWISS. Obtenha insights e estrat\u00e9gias fundamentais para impulsionar o crescimento e o desenvolvimento da marca de jogos online. Mergulhe agora!","og_url":"https:\/\/www.softswiss.com\/pt\/reports\/","og_site_name":"SOFTSWISS","article_modified_time":"2026-04-23T08:17:59+00:00","og_image":[{"width":1800,"height":941,"url":"https:\/\/www.softswiss.com\/wp-content\/uploads\/2025\/12\/1800x941_-iGaming-Reports-2026-SOFTSWISS-2.webp","type":"image\/webp"}],"twitter_card":"summary_large_image","schema":{"@context":"https:\/\/schema.org","@graph":[{"@type":"WebPage","@id":"https:\/\/www.softswiss.com\/pt\/reports\/","url":"https:\/\/www.softswiss.com\/pt\/reports\/","name":"Relat\u00f3rios de iGaming | SOFTSWISS","isPartOf":{"@id":"https:\/\/www.softswiss.com\/pt\/#website"},"primaryImageOfPage":{"@id":"https:\/\/www.softswiss.com\/pt\/reports\/#primaryimage"},"image":{"@id":"https:\/\/www.softswiss.com\/pt\/reports\/#primaryimage"},"thumbnailUrl":"https:\/\/www.softswiss.com\/wp-content\/uploads\/2025\/12\/1800x941_-iGaming-Reports-2026-SOFTSWISS-2.webp","datePublished":"2024-01-08T11:07:00+00:00","dateModified":"2026-04-23T08:17:59+00:00","description":"Explore a cole\u00e7\u00e3o de relat\u00f3rios de iGaming da SOFTSWISS. Obtenha insights e estrat\u00e9gias fundamentais para impulsionar o crescimento e o desenvolvimento da marca de jogos online. Mergulhe agora!","breadcrumb":{"@id":"https:\/\/www.softswiss.com\/pt\/reports\/#breadcrumb"},"inLanguage":"pt-PT","potentialAction":[{"@type":"ReadAction","target":["https:\/\/www.softswiss.com\/pt\/reports\/"]}]},{"@type":"ImageObject","inLanguage":"pt-PT","@id":"https:\/\/www.softswiss.com\/pt\/reports\/#primaryimage","url":"https:\/\/www.softswiss.com\/wp-content\/uploads\/2025\/12\/1800x941_-iGaming-Reports-2026-SOFTSWISS-2.webp","contentUrl":"https:\/\/www.softswiss.com\/wp-content\/uploads\/2025\/12\/1800x941_-iGaming-Reports-2026-SOFTSWISS-2.webp","width":1800,"height":941,"caption":"relat\u00f3rios de igaming 2026 download gratuito"},{"@type":"BreadcrumbList","@id":"https:\/\/www.softswiss.com\/pt\/reports\/#breadcrumb","itemListElement":[{"@type":"ListItem","position":1,"name":"Home","item":"https:\/\/www.softswiss.com\/pt\/"},{"@type":"ListItem","position":2,"name":"Relat\u00f3rios de iGaming"}]},{"@type":"WebSite","@id":"https:\/\/www.softswiss.com\/pt\/#website","url":"https:\/\/www.softswiss.com\/pt\/","name":"SOFTSWISS","description":"iGaming software provider","publisher":{"@id":"https:\/\/www.softswiss.com\/pt\/#organization"},"potentialAction":[{"@type":"SearchAction","target":{"@type":"EntryPoint","urlTemplate":"https:\/\/www.softswiss.com\/pt\/?s={search_term_string}"},"query-input":{"@type":"PropertyValueSpecification","valueRequired":true,"valueName":"search_term_string"}}],"inLanguage":"pt-PT"},{"@type":"Organization","@id":"https:\/\/www.softswiss.com\/pt\/#organization","name":"SOFTSWISS","url":"https:\/\/www.softswiss.com\/pt\/","logo":{"@type":"ImageObject","inLanguage":"pt-PT","@id":"https:\/\/www.softswiss.com\/pt\/#\/schema\/logo\/image\/","url":"https:\/\/www.softswiss.com\/wp-content\/uploads\/2022\/04\/softswiss-logo-icon.jpg","contentUrl":"https:\/\/www.softswiss.com\/wp-content\/uploads\/2022\/04\/softswiss-logo-icon.jpg","width":1024,"height":1024,"caption":"SOFTSWISS"},"image":{"@id":"https:\/\/www.softswiss.com\/pt\/#\/schema\/logo\/image\/"}}]}},"_links":{"self":[{"href":"https:\/\/www.softswiss.com\/pt\/wp-json\/wp\/v2\/pages\/85926","targetHints":{"allow":["GET"]}}],"collection":[{"href":"https:\/\/www.softswiss.com\/pt\/wp-json\/wp\/v2\/pages"}],"about":[{"href":"https:\/\/www.softswiss.com\/pt\/wp-json\/wp\/v2\/types\/page"}],"author":[{"embeddable":true,"href":"https:\/\/www.softswiss.com\/pt\/wp-json\/wp\/v2\/users\/45"}],"replies":[{"embeddable":true,"href":"https:\/\/www.softswiss.com\/pt\/wp-json\/wp\/v2\/comments?post=85926"}],"version-history":[{"count":22,"href":"https:\/\/www.softswiss.com\/pt\/wp-json\/wp\/v2\/pages\/85926\/revisions"}],"predecessor-version":[{"id":328180,"href":"https:\/\/www.softswiss.com\/pt\/wp-json\/wp\/v2\/pages\/85926\/revisions\/328180"}],"wp:featuredmedia":[{"embeddable":true,"href":"https:\/\/www.softswiss.com\/pt\/wp-json\/wp\/v2\/media\/300730"}],"wp:attachment":[{"href":"https:\/\/www.softswiss.com\/pt\/wp-json\/wp\/v2\/media?parent=85926"}],"wp:term":[{"taxonomy":"content","embeddable":true,"href":"https:\/\/www.softswiss.com\/pt\/wp-json\/wp\/v2\/content?post=85926"}],"curies":[{"name":"wp","href":"https:\/\/api.w.org\/{rel}","templated":true}]}}