{"id":68786,"date":"2022-11-01T12:48:42","date_gmt":"2022-11-01T12:48:42","guid":{"rendered":"https:\/\/www.softswiss.com\/?page_id=68786"},"modified":"2024-02-21T09:58:17","modified_gmt":"2024-02-21T09:58:17","slug":"order-sportsbook-integration","status":"publish","type":"page","link":"https:\/\/www.softswiss.com\/pt\/order-sportsbook-integration\/","title":{"rendered":"Solicitar Integra\u00e7\u00e3o de Sportsbook"},"content":[],"excerpt":{"rendered":"","protected":false},"author":45,"featured_media":68260,"parent":0,"menu_order":0,"comment_status":"closed","ping_status":"closed","template":"page-templates\/contact_page.php","meta":{"_acf_changed":false,"limit_modified_date":"","last_modified_date":"","ep_exclude_from_search":false,"footnotes":""},"class_list":["post-68786","page","type-page","status-publish","has-post-thumbnail","hentry"],"acf":[],"yoast_head":"<!-- This site is optimized with the Yoast SEO plugin v27.2 - https:\/\/yoast.com\/product\/yoast-seo-wordpress\/ -->\n<title>Solicitar Integra\u00e7\u00e3o de Sportsbook | SOFTSWISS<\/title>\n<meta name=\"description\" content=\"Responderemos todas as suas perguntas relacionadas \u00e0s capacidades de integra\u00e7\u00e3o da casa de apostas esportivas, como pre\u00e7o, tempo de entrada no mercado e custo de opera\u00e7\u00e3o.\" \/>\n<meta name=\"robots\" content=\"noindex, follow\" \/>\n<meta property=\"og:locale\" content=\"pt_PT\" \/>\n<meta property=\"og:type\" content=\"article\" \/>\n<meta property=\"og:title\" content=\"Solicitar Integra\u00e7\u00e3o de Sportsbook | SOFTSWISS\" \/>\n<meta property=\"og:description\" content=\"Responderemos todas as suas perguntas relacionadas \u00e0s capacidades de integra\u00e7\u00e3o da casa de apostas esportivas, como pre\u00e7o, tempo de entrada no mercado e custo de opera\u00e7\u00e3o.\" \/>\n<meta property=\"og:url\" content=\"https:\/\/www.softswiss.com\/pt\/order-sportsbook-integration\/\" \/>\n<meta property=\"og:site_name\" content=\"SOFTSWISS\" \/>\n<meta property=\"article:modified_time\" content=\"2024-02-21T09:58:17+00:00\" \/>\n<meta property=\"og:image\" content=\"https:\/\/www.softswiss.com\/wp-content\/uploads\/2022\/11\/Frame-6405.png\" \/>\n\t<meta property=\"og:image:width\" content=\"513\" \/>\n\t<meta property=\"og:image:height\" content=\"563\" \/>\n\t<meta property=\"og:image:type\" content=\"image\/png\" \/>\n<meta name=\"twitter:card\" content=\"summary_large_image\" \/>\n<script type=\"application\/ld+json\" class=\"yoast-schema-graph\">{\"@context\":\"https:\/\/schema.org\",\"@graph\":[{\"@type\":\"WebPage\",\"@id\":\"https:\/\/www.softswiss.com\/pt\/order-sportsbook-integration\/\",\"url\":\"https:\/\/www.softswiss.com\/pt\/order-sportsbook-integration\/\",\"name\":\"Solicitar Integra\u00e7\u00e3o de Sportsbook | SOFTSWISS\",\"isPartOf\":{\"@id\":\"https:\/\/www.softswiss.com\/pt\/#website\"},\"primaryImageOfPage\":{\"@id\":\"https:\/\/www.softswiss.com\/pt\/order-sportsbook-integration\/#primaryimage\"},\"image\":{\"@id\":\"https:\/\/www.softswiss.com\/pt\/order-sportsbook-integration\/#primaryimage\"},\"thumbnailUrl\":\"https:\/\/www.softswiss.com\/wp-content\/uploads\/2022\/11\/Frame-6405.png\",\"datePublished\":\"2022-11-01T12:48:42+00:00\",\"dateModified\":\"2024-02-21T09:58:17+00:00\",\"description\":\"Responderemos todas as suas perguntas relacionadas \u00e0s capacidades de integra\u00e7\u00e3o da casa de apostas esportivas, como pre\u00e7o, tempo de entrada no mercado e custo de opera\u00e7\u00e3o.\",\"breadcrumb\":{\"@id\":\"https:\/\/www.softswiss.com\/pt\/order-sportsbook-integration\/#breadcrumb\"},\"inLanguage\":\"pt-PT\",\"potentialAction\":[{\"@type\":\"ReadAction\",\"target\":[\"https:\/\/www.softswiss.com\/pt\/order-sportsbook-integration\/\"]}]},{\"@type\":\"ImageObject\",\"inLanguage\":\"pt-PT\",\"@id\":\"https:\/\/www.softswiss.com\/pt\/order-sportsbook-integration\/#primaryimage\",\"url\":\"https:\/\/www.softswiss.com\/wp-content\/uploads\/2022\/11\/Frame-6405.png\",\"contentUrl\":\"https:\/\/www.softswiss.com\/wp-content\/uploads\/2022\/11\/Frame-6405.png\",\"width\":513,\"height\":563},{\"@type\":\"BreadcrumbList\",\"@id\":\"https:\/\/www.softswiss.com\/pt\/order-sportsbook-integration\/#breadcrumb\",\"itemListElement\":[{\"@type\":\"ListItem\",\"position\":1,\"name\":\"Home\",\"item\":\"https:\/\/www.softswiss.com\/pt\/\"},{\"@type\":\"ListItem\",\"position\":2,\"name\":\"Solicitar Integra\u00e7\u00e3o de Sportsbook\"}]},{\"@type\":\"WebSite\",\"@id\":\"https:\/\/www.softswiss.com\/pt\/#website\",\"url\":\"https:\/\/www.softswiss.com\/pt\/\",\"name\":\"SOFTSWISS\",\"description\":\"iGaming software provider\",\"publisher\":{\"@id\":\"https:\/\/www.softswiss.com\/pt\/#organization\"},\"potentialAction\":[{\"@type\":\"SearchAction\",\"target\":{\"@type\":\"EntryPoint\",\"urlTemplate\":\"https:\/\/www.softswiss.com\/pt\/?s={search_term_string}\"},\"query-input\":{\"@type\":\"PropertyValueSpecification\",\"valueRequired\":true,\"valueName\":\"search_term_string\"}}],\"inLanguage\":\"pt-PT\"},{\"@type\":\"Organization\",\"@id\":\"https:\/\/www.softswiss.com\/pt\/#organization\",\"name\":\"SOFTSWISS\",\"url\":\"https:\/\/www.softswiss.com\/pt\/\",\"logo\":{\"@type\":\"ImageObject\",\"inLanguage\":\"pt-PT\",\"@id\":\"https:\/\/www.softswiss.com\/pt\/#\/schema\/logo\/image\/\",\"url\":\"https:\/\/www.softswiss.com\/wp-content\/uploads\/2022\/04\/softswiss-logo-icon.jpg\",\"contentUrl\":\"https:\/\/www.softswiss.com\/wp-content\/uploads\/2022\/04\/softswiss-logo-icon.jpg\",\"width\":1024,\"height\":1024,\"caption\":\"SOFTSWISS\"},\"image\":{\"@id\":\"https:\/\/www.softswiss.com\/pt\/#\/schema\/logo\/image\/\"}}]}<\/script>\n<!-- \/ Yoast SEO plugin. -->","yoast_head_json":{"title":"Solicitar Integra\u00e7\u00e3o de Sportsbook | SOFTSWISS","description":"Responderemos todas as suas perguntas relacionadas \u00e0s capacidades de integra\u00e7\u00e3o da casa de apostas esportivas, como pre\u00e7o, tempo de entrada no mercado e custo de opera\u00e7\u00e3o.","robots":{"index":"noindex","follow":"follow"},"og_locale":"pt_PT","og_type":"article","og_title":"Solicitar Integra\u00e7\u00e3o de Sportsbook | SOFTSWISS","og_description":"Responderemos todas as suas perguntas relacionadas \u00e0s capacidades de integra\u00e7\u00e3o da casa de apostas esportivas, como pre\u00e7o, tempo de entrada no mercado e custo de opera\u00e7\u00e3o.","og_url":"https:\/\/www.softswiss.com\/pt\/order-sportsbook-integration\/","og_site_name":"SOFTSWISS","article_modified_time":"2024-02-21T09:58:17+00:00","og_image":[{"width":513,"height":563,"url":"https:\/\/www.softswiss.com\/wp-content\/uploads\/2022\/11\/Frame-6405.png","type":"image\/png"}],"twitter_card":"summary_large_image","schema":{"@context":"https:\/\/schema.org","@graph":[{"@type":"WebPage","@id":"https:\/\/www.softswiss.com\/pt\/order-sportsbook-integration\/","url":"https:\/\/www.softswiss.com\/pt\/order-sportsbook-integration\/","name":"Solicitar Integra\u00e7\u00e3o de Sportsbook | SOFTSWISS","isPartOf":{"@id":"https:\/\/www.softswiss.com\/pt\/#website"},"primaryImageOfPage":{"@id":"https:\/\/www.softswiss.com\/pt\/order-sportsbook-integration\/#primaryimage"},"image":{"@id":"https:\/\/www.softswiss.com\/pt\/order-sportsbook-integration\/#primaryimage"},"thumbnailUrl":"https:\/\/www.softswiss.com\/wp-content\/uploads\/2022\/11\/Frame-6405.png","datePublished":"2022-11-01T12:48:42+00:00","dateModified":"2024-02-21T09:58:17+00:00","description":"Responderemos todas as suas perguntas relacionadas \u00e0s capacidades de integra\u00e7\u00e3o da casa de apostas esportivas, como pre\u00e7o, tempo de entrada no mercado e custo de opera\u00e7\u00e3o.","breadcrumb":{"@id":"https:\/\/www.softswiss.com\/pt\/order-sportsbook-integration\/#breadcrumb"},"inLanguage":"pt-PT","potentialAction":[{"@type":"ReadAction","target":["https:\/\/www.softswiss.com\/pt\/order-sportsbook-integration\/"]}]},{"@type":"ImageObject","inLanguage":"pt-PT","@id":"https:\/\/www.softswiss.com\/pt\/order-sportsbook-integration\/#primaryimage","url":"https:\/\/www.softswiss.com\/wp-content\/uploads\/2022\/11\/Frame-6405.png","contentUrl":"https:\/\/www.softswiss.com\/wp-content\/uploads\/2022\/11\/Frame-6405.png","width":513,"height":563},{"@type":"BreadcrumbList","@id":"https:\/\/www.softswiss.com\/pt\/order-sportsbook-integration\/#breadcrumb","itemListElement":[{"@type":"ListItem","position":1,"name":"Home","item":"https:\/\/www.softswiss.com\/pt\/"},{"@type":"ListItem","position":2,"name":"Solicitar Integra\u00e7\u00e3o de Sportsbook"}]},{"@type":"WebSite","@id":"https:\/\/www.softswiss.com\/pt\/#website","url":"https:\/\/www.softswiss.com\/pt\/","name":"SOFTSWISS","description":"iGaming software provider","publisher":{"@id":"https:\/\/www.softswiss.com\/pt\/#organization"},"potentialAction":[{"@type":"SearchAction","target":{"@type":"EntryPoint","urlTemplate":"https:\/\/www.softswiss.com\/pt\/?s={search_term_string}"},"query-input":{"@type":"PropertyValueSpecification","valueRequired":true,"valueName":"search_term_string"}}],"inLanguage":"pt-PT"},{"@type":"Organization","@id":"https:\/\/www.softswiss.com\/pt\/#organization","name":"SOFTSWISS","url":"https:\/\/www.softswiss.com\/pt\/","logo":{"@type":"ImageObject","inLanguage":"pt-PT","@id":"https:\/\/www.softswiss.com\/pt\/#\/schema\/logo\/image\/","url":"https:\/\/www.softswiss.com\/wp-content\/uploads\/2022\/04\/softswiss-logo-icon.jpg","contentUrl":"https:\/\/www.softswiss.com\/wp-content\/uploads\/2022\/04\/softswiss-logo-icon.jpg","width":1024,"height":1024,"caption":"SOFTSWISS"},"image":{"@id":"https:\/\/www.softswiss.com\/pt\/#\/schema\/logo\/image\/"}}]}},"_links":{"self":[{"href":"https:\/\/www.softswiss.com\/pt\/wp-json\/wp\/v2\/pages\/68786","targetHints":{"allow":["GET"]}}],"collection":[{"href":"https:\/\/www.softswiss.com\/pt\/wp-json\/wp\/v2\/pages"}],"about":[{"href":"https:\/\/www.softswiss.com\/pt\/wp-json\/wp\/v2\/types\/page"}],"author":[{"embeddable":true,"href":"https:\/\/www.softswiss.com\/pt\/wp-json\/wp\/v2\/users\/45"}],"replies":[{"embeddable":true,"href":"https:\/\/www.softswiss.com\/pt\/wp-json\/wp\/v2\/comments?post=68786"}],"version-history":[{"count":0,"href":"https:\/\/www.softswiss.com\/pt\/wp-json\/wp\/v2\/pages\/68786\/revisions"}],"wp:featuredmedia":[{"embeddable":true,"href":"https:\/\/www.softswiss.com\/pt\/wp-json\/wp\/v2\/media\/68260"}],"wp:attachment":[{"href":"https:\/\/www.softswiss.com\/pt\/wp-json\/wp\/v2\/media?parent=68786"}],"wp:term":[{"taxonomy":"content","embeddable":true,"href":"https:\/\/www.softswiss.com\/pt\/wp-json\/wp\/v2\/content?post=68786"}],"curies":[{"name":"wp","href":"https:\/\/api.w.org\/{rel}","templated":true}]}}