{"id":68770,"date":"2022-03-10T21:35:23","date_gmt":"2022-03-10T21:35:23","guid":{"rendered":"https:\/\/www.softswiss.com\/?page_id=68770"},"modified":"2024-02-21T09:58:33","modified_gmt":"2024-02-21T09:58:33","slug":"order-bitcoin-casino","status":"publish","type":"page","link":"https:\/\/www.softswiss.com\/pt\/order-bitcoin-casino\/","title":{"rendered":"Solicitar Solu\u00e7\u00e3o de Cassino de Cripto"},"content":[],"excerpt":{"rendered":"","protected":false},"author":45,"featured_media":23943,"parent":0,"menu_order":0,"comment_status":"closed","ping_status":"closed","template":"page-templates\/contact_page.php","meta":{"_acf_changed":false,"limit_modified_date":"","last_modified_date":"","ep_exclude_from_search":false,"footnotes":""},"class_list":["post-68770","page","type-page","status-publish","has-post-thumbnail","hentry"],"acf":[],"yoast_head":"<!-- This site is optimized with the Yoast SEO plugin v27.3 - https:\/\/yoast.com\/product\/yoast-seo-wordpress\/ -->\n<title>Solicitar Solu\u00e7\u00e3o de Cassino de Cripto | SOFTSWISS<\/title>\n<meta name=\"description\" content=\"Responderemos a todas as suas perguntas relacionadas ao Solu\u00e7\u00e3o de Cassino de Cripto, como pre\u00e7o, tempo de comercializa\u00e7\u00e3o e custo de opera\u00e7\u00e3o.\" \/>\n<meta name=\"robots\" content=\"noindex, follow\" \/>\n<meta property=\"og:locale\" content=\"pt_PT\" \/>\n<meta property=\"og:type\" content=\"article\" \/>\n<meta property=\"og:title\" content=\"Solicitar Solu\u00e7\u00e3o de Cassino de Cripto | SOFTSWISS\" \/>\n<meta property=\"og:description\" content=\"Responderemos a todas as suas perguntas relacionadas ao Solu\u00e7\u00e3o de Cassino de Cripto, como pre\u00e7o, tempo de comercializa\u00e7\u00e3o e custo de opera\u00e7\u00e3o.\" \/>\n<meta property=\"og:url\" content=\"https:\/\/www.softswiss.com\/pt\/order-bitcoin-casino\/\" \/>\n<meta property=\"og:site_name\" content=\"SOFTSWISS\" \/>\n<meta property=\"article:modified_time\" content=\"2024-02-21T09:58:33+00:00\" \/>\n<meta property=\"og:image\" content=\"https:\/\/www.softswiss.com\/wp-content\/uploads\/2022\/03\/crypto-casino-solution-softswiss.png\" \/>\n\t<meta property=\"og:image:width\" content=\"960\" \/>\n\t<meta property=\"og:image:height\" content=\"811\" \/>\n\t<meta property=\"og:image:type\" content=\"image\/png\" \/>\n<meta name=\"twitter:card\" content=\"summary_large_image\" \/>\n<script type=\"application\/ld+json\" class=\"yoast-schema-graph\">{\"@context\":\"https:\\\/\\\/schema.org\",\"@graph\":[{\"@type\":\"WebPage\",\"@id\":\"https:\\\/\\\/www.softswiss.com\\\/pt\\\/order-bitcoin-casino\\\/\",\"url\":\"https:\\\/\\\/www.softswiss.com\\\/pt\\\/order-bitcoin-casino\\\/\",\"name\":\"Solicitar Solu\u00e7\u00e3o de Cassino de Cripto | SOFTSWISS\",\"isPartOf\":{\"@id\":\"https:\\\/\\\/www.softswiss.com\\\/pt\\\/#website\"},\"primaryImageOfPage\":{\"@id\":\"https:\\\/\\\/www.softswiss.com\\\/pt\\\/order-bitcoin-casino\\\/#primaryimage\"},\"image\":{\"@id\":\"https:\\\/\\\/www.softswiss.com\\\/pt\\\/order-bitcoin-casino\\\/#primaryimage\"},\"thumbnailUrl\":\"https:\\\/\\\/www.softswiss.com\\\/wp-content\\\/uploads\\\/2022\\\/03\\\/crypto-casino-solution-softswiss.png\",\"datePublished\":\"2022-03-10T21:35:23+00:00\",\"dateModified\":\"2024-02-21T09:58:33+00:00\",\"description\":\"Responderemos a todas as suas perguntas relacionadas ao Solu\u00e7\u00e3o de Cassino de Cripto, como pre\u00e7o, tempo de comercializa\u00e7\u00e3o e custo de opera\u00e7\u00e3o.\",\"breadcrumb\":{\"@id\":\"https:\\\/\\\/www.softswiss.com\\\/pt\\\/order-bitcoin-casino\\\/#breadcrumb\"},\"inLanguage\":\"pt-PT\",\"potentialAction\":[{\"@type\":\"ReadAction\",\"target\":[\"https:\\\/\\\/www.softswiss.com\\\/pt\\\/order-bitcoin-casino\\\/\"]}]},{\"@type\":\"ImageObject\",\"inLanguage\":\"pt-PT\",\"@id\":\"https:\\\/\\\/www.softswiss.com\\\/pt\\\/order-bitcoin-casino\\\/#primaryimage\",\"url\":\"https:\\\/\\\/www.softswiss.com\\\/wp-content\\\/uploads\\\/2022\\\/03\\\/crypto-casino-solution-softswiss.png\",\"contentUrl\":\"https:\\\/\\\/www.softswiss.com\\\/wp-content\\\/uploads\\\/2022\\\/03\\\/crypto-casino-solution-softswiss.png\",\"width\":960,\"height\":811},{\"@type\":\"BreadcrumbList\",\"@id\":\"https:\\\/\\\/www.softswiss.com\\\/pt\\\/order-bitcoin-casino\\\/#breadcrumb\",\"itemListElement\":[{\"@type\":\"ListItem\",\"position\":1,\"name\":\"Home\",\"item\":\"https:\\\/\\\/www.softswiss.com\\\/pt\\\/\"},{\"@type\":\"ListItem\",\"position\":2,\"name\":\"Solicitar Solu\u00e7\u00e3o de Cassino de Cripto\"}]},{\"@type\":\"WebSite\",\"@id\":\"https:\\\/\\\/www.softswiss.com\\\/pt\\\/#website\",\"url\":\"https:\\\/\\\/www.softswiss.com\\\/pt\\\/\",\"name\":\"SOFTSWISS\",\"description\":\"iGaming software provider\",\"publisher\":{\"@id\":\"https:\\\/\\\/www.softswiss.com\\\/pt\\\/#organization\"},\"potentialAction\":[{\"@type\":\"SearchAction\",\"target\":{\"@type\":\"EntryPoint\",\"urlTemplate\":\"https:\\\/\\\/www.softswiss.com\\\/pt\\\/?s={search_term_string}\"},\"query-input\":{\"@type\":\"PropertyValueSpecification\",\"valueRequired\":true,\"valueName\":\"search_term_string\"}}],\"inLanguage\":\"pt-PT\"},{\"@type\":\"Organization\",\"@id\":\"https:\\\/\\\/www.softswiss.com\\\/pt\\\/#organization\",\"name\":\"SOFTSWISS\",\"url\":\"https:\\\/\\\/www.softswiss.com\\\/pt\\\/\",\"logo\":{\"@type\":\"ImageObject\",\"inLanguage\":\"pt-PT\",\"@id\":\"https:\\\/\\\/www.softswiss.com\\\/pt\\\/#\\\/schema\\\/logo\\\/image\\\/\",\"url\":\"https:\\\/\\\/www.softswiss.com\\\/wp-content\\\/uploads\\\/2022\\\/04\\\/softswiss-logo-icon.jpg\",\"contentUrl\":\"https:\\\/\\\/www.softswiss.com\\\/wp-content\\\/uploads\\\/2022\\\/04\\\/softswiss-logo-icon.jpg\",\"width\":1024,\"height\":1024,\"caption\":\"SOFTSWISS\"},\"image\":{\"@id\":\"https:\\\/\\\/www.softswiss.com\\\/pt\\\/#\\\/schema\\\/logo\\\/image\\\/\"}}]}<\/script>\n<!-- \/ Yoast SEO plugin. -->","yoast_head_json":{"title":"Solicitar Solu\u00e7\u00e3o de Cassino de Cripto | SOFTSWISS","description":"Responderemos a todas as suas perguntas relacionadas ao Solu\u00e7\u00e3o de Cassino de Cripto, como pre\u00e7o, tempo de comercializa\u00e7\u00e3o e custo de opera\u00e7\u00e3o.","robots":{"index":"noindex","follow":"follow"},"og_locale":"pt_PT","og_type":"article","og_title":"Solicitar Solu\u00e7\u00e3o de Cassino de Cripto | SOFTSWISS","og_description":"Responderemos a todas as suas perguntas relacionadas ao Solu\u00e7\u00e3o de Cassino de Cripto, como pre\u00e7o, tempo de comercializa\u00e7\u00e3o e custo de opera\u00e7\u00e3o.","og_url":"https:\/\/www.softswiss.com\/pt\/order-bitcoin-casino\/","og_site_name":"SOFTSWISS","article_modified_time":"2024-02-21T09:58:33+00:00","og_image":[{"width":960,"height":811,"url":"https:\/\/www.softswiss.com\/wp-content\/uploads\/2022\/03\/crypto-casino-solution-softswiss.png","type":"image\/png"}],"twitter_card":"summary_large_image","schema":{"@context":"https:\/\/schema.org","@graph":[{"@type":"WebPage","@id":"https:\/\/www.softswiss.com\/pt\/order-bitcoin-casino\/","url":"https:\/\/www.softswiss.com\/pt\/order-bitcoin-casino\/","name":"Solicitar Solu\u00e7\u00e3o de Cassino de Cripto | SOFTSWISS","isPartOf":{"@id":"https:\/\/www.softswiss.com\/pt\/#website"},"primaryImageOfPage":{"@id":"https:\/\/www.softswiss.com\/pt\/order-bitcoin-casino\/#primaryimage"},"image":{"@id":"https:\/\/www.softswiss.com\/pt\/order-bitcoin-casino\/#primaryimage"},"thumbnailUrl":"https:\/\/www.softswiss.com\/wp-content\/uploads\/2022\/03\/crypto-casino-solution-softswiss.png","datePublished":"2022-03-10T21:35:23+00:00","dateModified":"2024-02-21T09:58:33+00:00","description":"Responderemos a todas as suas perguntas relacionadas ao Solu\u00e7\u00e3o de Cassino de Cripto, como pre\u00e7o, tempo de comercializa\u00e7\u00e3o e custo de opera\u00e7\u00e3o.","breadcrumb":{"@id":"https:\/\/www.softswiss.com\/pt\/order-bitcoin-casino\/#breadcrumb"},"inLanguage":"pt-PT","potentialAction":[{"@type":"ReadAction","target":["https:\/\/www.softswiss.com\/pt\/order-bitcoin-casino\/"]}]},{"@type":"ImageObject","inLanguage":"pt-PT","@id":"https:\/\/www.softswiss.com\/pt\/order-bitcoin-casino\/#primaryimage","url":"https:\/\/www.softswiss.com\/wp-content\/uploads\/2022\/03\/crypto-casino-solution-softswiss.png","contentUrl":"https:\/\/www.softswiss.com\/wp-content\/uploads\/2022\/03\/crypto-casino-solution-softswiss.png","width":960,"height":811},{"@type":"BreadcrumbList","@id":"https:\/\/www.softswiss.com\/pt\/order-bitcoin-casino\/#breadcrumb","itemListElement":[{"@type":"ListItem","position":1,"name":"Home","item":"https:\/\/www.softswiss.com\/pt\/"},{"@type":"ListItem","position":2,"name":"Solicitar Solu\u00e7\u00e3o de Cassino de Cripto"}]},{"@type":"WebSite","@id":"https:\/\/www.softswiss.com\/pt\/#website","url":"https:\/\/www.softswiss.com\/pt\/","name":"SOFTSWISS","description":"iGaming software provider","publisher":{"@id":"https:\/\/www.softswiss.com\/pt\/#organization"},"potentialAction":[{"@type":"SearchAction","target":{"@type":"EntryPoint","urlTemplate":"https:\/\/www.softswiss.com\/pt\/?s={search_term_string}"},"query-input":{"@type":"PropertyValueSpecification","valueRequired":true,"valueName":"search_term_string"}}],"inLanguage":"pt-PT"},{"@type":"Organization","@id":"https:\/\/www.softswiss.com\/pt\/#organization","name":"SOFTSWISS","url":"https:\/\/www.softswiss.com\/pt\/","logo":{"@type":"ImageObject","inLanguage":"pt-PT","@id":"https:\/\/www.softswiss.com\/pt\/#\/schema\/logo\/image\/","url":"https:\/\/www.softswiss.com\/wp-content\/uploads\/2022\/04\/softswiss-logo-icon.jpg","contentUrl":"https:\/\/www.softswiss.com\/wp-content\/uploads\/2022\/04\/softswiss-logo-icon.jpg","width":1024,"height":1024,"caption":"SOFTSWISS"},"image":{"@id":"https:\/\/www.softswiss.com\/pt\/#\/schema\/logo\/image\/"}}]}},"_links":{"self":[{"href":"https:\/\/www.softswiss.com\/pt\/wp-json\/wp\/v2\/pages\/68770","targetHints":{"allow":["GET"]}}],"collection":[{"href":"https:\/\/www.softswiss.com\/pt\/wp-json\/wp\/v2\/pages"}],"about":[{"href":"https:\/\/www.softswiss.com\/pt\/wp-json\/wp\/v2\/types\/page"}],"author":[{"embeddable":true,"href":"https:\/\/www.softswiss.com\/pt\/wp-json\/wp\/v2\/users\/45"}],"replies":[{"embeddable":true,"href":"https:\/\/www.softswiss.com\/pt\/wp-json\/wp\/v2\/comments?post=68770"}],"version-history":[{"count":0,"href":"https:\/\/www.softswiss.com\/pt\/wp-json\/wp\/v2\/pages\/68770\/revisions"}],"wp:featuredmedia":[{"embeddable":true,"href":"https:\/\/www.softswiss.com\/pt\/wp-json\/wp\/v2\/media\/23943"}],"wp:attachment":[{"href":"https:\/\/www.softswiss.com\/pt\/wp-json\/wp\/v2\/media?parent=68770"}],"wp:term":[{"taxonomy":"content","embeddable":true,"href":"https:\/\/www.softswiss.com\/pt\/wp-json\/wp\/v2\/content?post=68770"}],"curies":[{"name":"wp","href":"https:\/\/api.w.org\/{rel}","templated":true}]}}