{"id":68649,"date":"2021-12-27T22:11:40","date_gmt":"2021-12-27T22:11:40","guid":{"rendered":"https:\/\/www.softswiss.com\/?page_id=68649"},"modified":"2026-03-24T08:16:02","modified_gmt":"2026-03-24T08:16:02","slug":"turnkey-casino-solution","status":"publish","type":"page","link":"https:\/\/www.softswiss.com\/pt\/turnkey-casino-solution\/","title":{"rendered":"Solu\u00e7\u00e3o Turnkey Casino"},"content":[458],"excerpt":{"rendered":"","protected":false},"author":45,"featured_media":142812,"parent":0,"menu_order":0,"comment_status":"closed","ping_status":"closed","template":"page-templates\/product.php","meta":{"_acf_changed":false,"limit_modified_date":"","last_modified_date":"","ep_exclude_from_search":false,"footnotes":""},"class_list":["post-68649","page","type-page","status-publish","has-post-thumbnail","hentry","content-solutions"],"acf":[],"yoast_head":"<!-- This site is optimized with the Yoast SEO plugin v27.3 - https:\/\/yoast.com\/product\/yoast-seo-wordpress\/ -->\n<title>Turnkey Online Casino Software da SOFTSWISS | SOFTSWISS<\/title>\n<meta name=\"description\" content=\"Tem uma licen\u00e7a de jogo ou planeja obter uma? Inicie seu neg\u00f3cio aut\u00f4nomo de cassino online com a Solu\u00e7\u00e3o Turnkey Online Casino da SOFTSWISS.\" \/>\n<meta name=\"robots\" content=\"index, follow, max-snippet:-1, max-image-preview:large, max-video-preview:-1\" \/>\n<link rel=\"canonical\" href=\"https:\/\/www.softswiss.com\/pt\/turnkey-casino-solution\/\" \/>\n<meta property=\"og:locale\" content=\"pt_PT\" \/>\n<meta property=\"og:type\" content=\"article\" \/>\n<meta property=\"og:title\" content=\"Turnkey Online Casino Software da SOFTSWISS | SOFTSWISS\" \/>\n<meta property=\"og:description\" content=\"Tem uma licen\u00e7a de jogo ou planeja obter uma? Inicie seu neg\u00f3cio aut\u00f4nomo de cassino online com a Solu\u00e7\u00e3o Turnkey Online Casino da SOFTSWISS.\" \/>\n<meta property=\"og:url\" content=\"https:\/\/www.softswiss.com\/pt\/turnkey-casino-solution\/\" \/>\n<meta property=\"og:site_name\" content=\"SOFTSWISS\" \/>\n<meta property=\"article:modified_time\" content=\"2026-03-24T08:16:02+00:00\" \/>\n<meta property=\"og:image\" content=\"https:\/\/www.softswiss.com\/wp-content\/uploads\/2025\/01\/turnkey_solution.webp\" \/>\n\t<meta property=\"og:image:width\" content=\"1200\" \/>\n\t<meta property=\"og:image:height\" content=\"630\" \/>\n\t<meta property=\"og:image:type\" content=\"image\/webp\" \/>\n<meta name=\"twitter:card\" content=\"summary_large_image\" \/>\n<script type=\"application\/ld+json\" class=\"yoast-schema-graph\">{\"@context\":\"https:\\\/\\\/schema.org\",\"@graph\":[{\"@type\":\"WebPage\",\"@id\":\"https:\\\/\\\/www.softswiss.com\\\/pt\\\/turnkey-casino-solution\\\/\",\"url\":\"https:\\\/\\\/www.softswiss.com\\\/pt\\\/turnkey-casino-solution\\\/\",\"name\":\"Turnkey Online Casino Software da SOFTSWISS | SOFTSWISS\",\"isPartOf\":{\"@id\":\"https:\\\/\\\/www.softswiss.com\\\/pt\\\/#website\"},\"primaryImageOfPage\":{\"@id\":\"https:\\\/\\\/www.softswiss.com\\\/pt\\\/turnkey-casino-solution\\\/#primaryimage\"},\"image\":{\"@id\":\"https:\\\/\\\/www.softswiss.com\\\/pt\\\/turnkey-casino-solution\\\/#primaryimage\"},\"thumbnailUrl\":\"https:\\\/\\\/www.softswiss.com\\\/wp-content\\\/uploads\\\/2025\\\/01\\\/turnkey_solution.webp\",\"datePublished\":\"2021-12-27T22:11:40+00:00\",\"dateModified\":\"2026-03-24T08:16:02+00:00\",\"description\":\"Tem uma licen\u00e7a de jogo ou planeja obter uma? Inicie seu neg\u00f3cio aut\u00f4nomo de cassino online com a Solu\u00e7\u00e3o Turnkey Online Casino da SOFTSWISS.\",\"breadcrumb\":{\"@id\":\"https:\\\/\\\/www.softswiss.com\\\/pt\\\/turnkey-casino-solution\\\/#breadcrumb\"},\"inLanguage\":\"pt-PT\",\"potentialAction\":[{\"@type\":\"ReadAction\",\"target\":[\"https:\\\/\\\/www.softswiss.com\\\/pt\\\/turnkey-casino-solution\\\/\"]}]},{\"@type\":\"ImageObject\",\"inLanguage\":\"pt-PT\",\"@id\":\"https:\\\/\\\/www.softswiss.com\\\/pt\\\/turnkey-casino-solution\\\/#primaryimage\",\"url\":\"https:\\\/\\\/www.softswiss.com\\\/wp-content\\\/uploads\\\/2025\\\/01\\\/turnkey_solution.webp\",\"contentUrl\":\"https:\\\/\\\/www.softswiss.com\\\/wp-content\\\/uploads\\\/2025\\\/01\\\/turnkey_solution.webp\",\"width\":1200,\"height\":630},{\"@type\":\"BreadcrumbList\",\"@id\":\"https:\\\/\\\/www.softswiss.com\\\/pt\\\/turnkey-casino-solution\\\/#breadcrumb\",\"itemListElement\":[{\"@type\":\"ListItem\",\"position\":1,\"name\":\"Home\",\"item\":\"https:\\\/\\\/www.softswiss.com\\\/pt\\\/\"},{\"@type\":\"ListItem\",\"position\":2,\"name\":\"Solu\u00e7\u00e3o Turnkey Casino\"}]},{\"@type\":\"WebSite\",\"@id\":\"https:\\\/\\\/www.softswiss.com\\\/pt\\\/#website\",\"url\":\"https:\\\/\\\/www.softswiss.com\\\/pt\\\/\",\"name\":\"SOFTSWISS\",\"description\":\"iGaming software provider\",\"publisher\":{\"@id\":\"https:\\\/\\\/www.softswiss.com\\\/pt\\\/#organization\"},\"potentialAction\":[{\"@type\":\"SearchAction\",\"target\":{\"@type\":\"EntryPoint\",\"urlTemplate\":\"https:\\\/\\\/www.softswiss.com\\\/pt\\\/?s={search_term_string}\"},\"query-input\":{\"@type\":\"PropertyValueSpecification\",\"valueRequired\":true,\"valueName\":\"search_term_string\"}}],\"inLanguage\":\"pt-PT\"},{\"@type\":\"Organization\",\"@id\":\"https:\\\/\\\/www.softswiss.com\\\/pt\\\/#organization\",\"name\":\"SOFTSWISS\",\"url\":\"https:\\\/\\\/www.softswiss.com\\\/pt\\\/\",\"logo\":{\"@type\":\"ImageObject\",\"inLanguage\":\"pt-PT\",\"@id\":\"https:\\\/\\\/www.softswiss.com\\\/pt\\\/#\\\/schema\\\/logo\\\/image\\\/\",\"url\":\"https:\\\/\\\/www.softswiss.com\\\/wp-content\\\/uploads\\\/2022\\\/04\\\/softswiss-logo-icon.jpg\",\"contentUrl\":\"https:\\\/\\\/www.softswiss.com\\\/wp-content\\\/uploads\\\/2022\\\/04\\\/softswiss-logo-icon.jpg\",\"width\":1024,\"height\":1024,\"caption\":\"SOFTSWISS\"},\"image\":{\"@id\":\"https:\\\/\\\/www.softswiss.com\\\/pt\\\/#\\\/schema\\\/logo\\\/image\\\/\"}}]}<\/script>\n<!-- \/ Yoast SEO plugin. -->","yoast_head_json":{"title":"Turnkey Online Casino Software da SOFTSWISS | SOFTSWISS","description":"Tem uma licen\u00e7a de jogo ou planeja obter uma? Inicie seu neg\u00f3cio aut\u00f4nomo de cassino online com a Solu\u00e7\u00e3o Turnkey Online Casino da SOFTSWISS.","robots":{"index":"index","follow":"follow","max-snippet":"max-snippet:-1","max-image-preview":"max-image-preview:large","max-video-preview":"max-video-preview:-1"},"canonical":"https:\/\/www.softswiss.com\/pt\/turnkey-casino-solution\/","og_locale":"pt_PT","og_type":"article","og_title":"Turnkey Online Casino Software da SOFTSWISS | SOFTSWISS","og_description":"Tem uma licen\u00e7a de jogo ou planeja obter uma? Inicie seu neg\u00f3cio aut\u00f4nomo de cassino online com a Solu\u00e7\u00e3o Turnkey Online Casino da SOFTSWISS.","og_url":"https:\/\/www.softswiss.com\/pt\/turnkey-casino-solution\/","og_site_name":"SOFTSWISS","article_modified_time":"2026-03-24T08:16:02+00:00","og_image":[{"width":1200,"height":630,"url":"https:\/\/www.softswiss.com\/wp-content\/uploads\/2025\/01\/turnkey_solution.webp","type":"image\/webp"}],"twitter_card":"summary_large_image","schema":{"@context":"https:\/\/schema.org","@graph":[{"@type":"WebPage","@id":"https:\/\/www.softswiss.com\/pt\/turnkey-casino-solution\/","url":"https:\/\/www.softswiss.com\/pt\/turnkey-casino-solution\/","name":"Turnkey Online Casino Software da SOFTSWISS | SOFTSWISS","isPartOf":{"@id":"https:\/\/www.softswiss.com\/pt\/#website"},"primaryImageOfPage":{"@id":"https:\/\/www.softswiss.com\/pt\/turnkey-casino-solution\/#primaryimage"},"image":{"@id":"https:\/\/www.softswiss.com\/pt\/turnkey-casino-solution\/#primaryimage"},"thumbnailUrl":"https:\/\/www.softswiss.com\/wp-content\/uploads\/2025\/01\/turnkey_solution.webp","datePublished":"2021-12-27T22:11:40+00:00","dateModified":"2026-03-24T08:16:02+00:00","description":"Tem uma licen\u00e7a de jogo ou planeja obter uma? Inicie seu neg\u00f3cio aut\u00f4nomo de cassino online com a Solu\u00e7\u00e3o Turnkey Online Casino da SOFTSWISS.","breadcrumb":{"@id":"https:\/\/www.softswiss.com\/pt\/turnkey-casino-solution\/#breadcrumb"},"inLanguage":"pt-PT","potentialAction":[{"@type":"ReadAction","target":["https:\/\/www.softswiss.com\/pt\/turnkey-casino-solution\/"]}]},{"@type":"ImageObject","inLanguage":"pt-PT","@id":"https:\/\/www.softswiss.com\/pt\/turnkey-casino-solution\/#primaryimage","url":"https:\/\/www.softswiss.com\/wp-content\/uploads\/2025\/01\/turnkey_solution.webp","contentUrl":"https:\/\/www.softswiss.com\/wp-content\/uploads\/2025\/01\/turnkey_solution.webp","width":1200,"height":630},{"@type":"BreadcrumbList","@id":"https:\/\/www.softswiss.com\/pt\/turnkey-casino-solution\/#breadcrumb","itemListElement":[{"@type":"ListItem","position":1,"name":"Home","item":"https:\/\/www.softswiss.com\/pt\/"},{"@type":"ListItem","position":2,"name":"Solu\u00e7\u00e3o Turnkey Casino"}]},{"@type":"WebSite","@id":"https:\/\/www.softswiss.com\/pt\/#website","url":"https:\/\/www.softswiss.com\/pt\/","name":"SOFTSWISS","description":"iGaming software provider","publisher":{"@id":"https:\/\/www.softswiss.com\/pt\/#organization"},"potentialAction":[{"@type":"SearchAction","target":{"@type":"EntryPoint","urlTemplate":"https:\/\/www.softswiss.com\/pt\/?s={search_term_string}"},"query-input":{"@type":"PropertyValueSpecification","valueRequired":true,"valueName":"search_term_string"}}],"inLanguage":"pt-PT"},{"@type":"Organization","@id":"https:\/\/www.softswiss.com\/pt\/#organization","name":"SOFTSWISS","url":"https:\/\/www.softswiss.com\/pt\/","logo":{"@type":"ImageObject","inLanguage":"pt-PT","@id":"https:\/\/www.softswiss.com\/pt\/#\/schema\/logo\/image\/","url":"https:\/\/www.softswiss.com\/wp-content\/uploads\/2022\/04\/softswiss-logo-icon.jpg","contentUrl":"https:\/\/www.softswiss.com\/wp-content\/uploads\/2022\/04\/softswiss-logo-icon.jpg","width":1024,"height":1024,"caption":"SOFTSWISS"},"image":{"@id":"https:\/\/www.softswiss.com\/pt\/#\/schema\/logo\/image\/"}}]}},"_links":{"self":[{"href":"https:\/\/www.softswiss.com\/pt\/wp-json\/wp\/v2\/pages\/68649","targetHints":{"allow":["GET"]}}],"collection":[{"href":"https:\/\/www.softswiss.com\/pt\/wp-json\/wp\/v2\/pages"}],"about":[{"href":"https:\/\/www.softswiss.com\/pt\/wp-json\/wp\/v2\/types\/page"}],"author":[{"embeddable":true,"href":"https:\/\/www.softswiss.com\/pt\/wp-json\/wp\/v2\/users\/45"}],"replies":[{"embeddable":true,"href":"https:\/\/www.softswiss.com\/pt\/wp-json\/wp\/v2\/comments?post=68649"}],"version-history":[{"count":23,"href":"https:\/\/www.softswiss.com\/pt\/wp-json\/wp\/v2\/pages\/68649\/revisions"}],"predecessor-version":[{"id":328630,"href":"https:\/\/www.softswiss.com\/pt\/wp-json\/wp\/v2\/pages\/68649\/revisions\/328630"}],"wp:featuredmedia":[{"embeddable":true,"href":"https:\/\/www.softswiss.com\/pt\/wp-json\/wp\/v2\/media\/142812"}],"wp:attachment":[{"href":"https:\/\/www.softswiss.com\/pt\/wp-json\/wp\/v2\/media?parent=68649"}],"wp:term":[{"taxonomy":"content","embeddable":true,"href":"https:\/\/www.softswiss.com\/pt\/wp-json\/wp\/v2\/content?post=68649"}],"curies":[{"name":"wp","href":"https:\/\/api.w.org\/{rel}","templated":true}]}}