{"id":299548,"date":"2025-11-12T12:29:06","date_gmt":"2025-11-12T12:29:06","guid":{"rendered":"https:\/\/www.softswiss.com\/?page_id=299548"},"modified":"2026-03-24T08:07:49","modified_gmt":"2026-03-24T08:07:49","slug":"turnkey-sportsbook-solution","status":"publish","type":"page","link":"https:\/\/www.softswiss.com\/pt\/turnkey-sportsbook-solution\/","title":{"rendered":"Solu\u00e7\u00e3o Turnkey Sportsbook"},"content":[458],"excerpt":{"rendered":"","protected":false},"author":72,"featured_media":0,"parent":0,"menu_order":0,"comment_status":"closed","ping_status":"closed","template":"page-templates\/product.php","meta":{"_acf_changed":false,"limit_modified_date":"","last_modified_date":"","ep_exclude_from_search":false,"footnotes":""},"class_list":["post-299548","page","type-page","status-publish","hentry","content-solutions"],"acf":[],"yoast_head":"<!-- This site is optimized with the Yoast SEO plugin v27.3 - https:\/\/yoast.com\/product\/yoast-seo-wordpress\/ -->\n<title>Solu\u00e7\u00e3o Turnkey Sportsbook | SOFTSWISS<\/title>\n<meta name=\"description\" content=\"Uma Solu\u00e7\u00e3o Turnkey Sportsbook completa com software, site e back office \u2014 pronta para operar sob a sua pr\u00f3pria licen\u00e7a.\" \/>\n<meta name=\"robots\" content=\"index, follow, max-snippet:-1, max-image-preview:large, max-video-preview:-1\" \/>\n<link rel=\"canonical\" href=\"https:\/\/www.softswiss.com\/pt\/turnkey-sportsbook-solution\/\" \/>\n<meta property=\"og:locale\" content=\"pt_PT\" \/>\n<meta property=\"og:type\" content=\"article\" \/>\n<meta property=\"og:title\" content=\"Solu\u00e7\u00e3o Turnkey Sportsbook | SOFTSWISS\" \/>\n<meta property=\"og:description\" content=\"Uma Solu\u00e7\u00e3o Turnkey Sportsbook completa com software, site e back office \u2014 pronta para operar sob a sua pr\u00f3pria licen\u00e7a.\" \/>\n<meta property=\"og:url\" content=\"https:\/\/www.softswiss.com\/pt\/turnkey-sportsbook-solution\/\" \/>\n<meta property=\"og:site_name\" content=\"SOFTSWISS\" \/>\n<meta property=\"article:modified_time\" content=\"2026-03-24T08:07:49+00:00\" \/>\n<meta property=\"og:image\" content=\"https:\/\/www.softswiss.com\/wp-content\/uploads\/2026\/04\/preview_image_2026.webp\" \/>\n\t<meta property=\"og:image:width\" content=\"1200\" \/>\n\t<meta property=\"og:image:height\" content=\"630\" \/>\n\t<meta property=\"og:image:type\" content=\"image\/webp\" \/>\n<meta name=\"twitter:card\" content=\"summary_large_image\" \/>\n<script type=\"application\/ld+json\" class=\"yoast-schema-graph\">{\"@context\":\"https:\\\/\\\/schema.org\",\"@graph\":[{\"@type\":\"WebPage\",\"@id\":\"https:\\\/\\\/www.softswiss.com\\\/pt\\\/turnkey-sportsbook-solution\\\/\",\"url\":\"https:\\\/\\\/www.softswiss.com\\\/pt\\\/turnkey-sportsbook-solution\\\/\",\"name\":\"Solu\u00e7\u00e3o Turnkey Sportsbook | SOFTSWISS\",\"isPartOf\":{\"@id\":\"https:\\\/\\\/www.softswiss.com\\\/pt\\\/#website\"},\"datePublished\":\"2025-11-12T12:29:06+00:00\",\"dateModified\":\"2026-03-24T08:07:49+00:00\",\"description\":\"Uma Solu\u00e7\u00e3o Turnkey Sportsbook completa com software, site e back office \u2014 pronta para operar sob a sua pr\u00f3pria licen\u00e7a.\",\"breadcrumb\":{\"@id\":\"https:\\\/\\\/www.softswiss.com\\\/pt\\\/turnkey-sportsbook-solution\\\/#breadcrumb\"},\"inLanguage\":\"pt-PT\",\"potentialAction\":[{\"@type\":\"ReadAction\",\"target\":[\"https:\\\/\\\/www.softswiss.com\\\/pt\\\/turnkey-sportsbook-solution\\\/\"]}]},{\"@type\":\"BreadcrumbList\",\"@id\":\"https:\\\/\\\/www.softswiss.com\\\/pt\\\/turnkey-sportsbook-solution\\\/#breadcrumb\",\"itemListElement\":[{\"@type\":\"ListItem\",\"position\":1,\"name\":\"Home\",\"item\":\"https:\\\/\\\/www.softswiss.com\\\/pt\\\/\"},{\"@type\":\"ListItem\",\"position\":2,\"name\":\"Solu\u00e7\u00e3o Turnkey Sportsbook\"}]},{\"@type\":\"WebSite\",\"@id\":\"https:\\\/\\\/www.softswiss.com\\\/pt\\\/#website\",\"url\":\"https:\\\/\\\/www.softswiss.com\\\/pt\\\/\",\"name\":\"SOFTSWISS\",\"description\":\"iGaming software provider\",\"publisher\":{\"@id\":\"https:\\\/\\\/www.softswiss.com\\\/pt\\\/#organization\"},\"potentialAction\":[{\"@type\":\"SearchAction\",\"target\":{\"@type\":\"EntryPoint\",\"urlTemplate\":\"https:\\\/\\\/www.softswiss.com\\\/pt\\\/?s={search_term_string}\"},\"query-input\":{\"@type\":\"PropertyValueSpecification\",\"valueRequired\":true,\"valueName\":\"search_term_string\"}}],\"inLanguage\":\"pt-PT\"},{\"@type\":\"Organization\",\"@id\":\"https:\\\/\\\/www.softswiss.com\\\/pt\\\/#organization\",\"name\":\"SOFTSWISS\",\"url\":\"https:\\\/\\\/www.softswiss.com\\\/pt\\\/\",\"logo\":{\"@type\":\"ImageObject\",\"inLanguage\":\"pt-PT\",\"@id\":\"https:\\\/\\\/www.softswiss.com\\\/pt\\\/#\\\/schema\\\/logo\\\/image\\\/\",\"url\":\"https:\\\/\\\/www.softswiss.com\\\/wp-content\\\/uploads\\\/2022\\\/04\\\/softswiss-logo-icon.jpg\",\"contentUrl\":\"https:\\\/\\\/www.softswiss.com\\\/wp-content\\\/uploads\\\/2022\\\/04\\\/softswiss-logo-icon.jpg\",\"width\":1024,\"height\":1024,\"caption\":\"SOFTSWISS\"},\"image\":{\"@id\":\"https:\\\/\\\/www.softswiss.com\\\/pt\\\/#\\\/schema\\\/logo\\\/image\\\/\"}}]}<\/script>\n<!-- \/ Yoast SEO plugin. -->","yoast_head_json":{"title":"Solu\u00e7\u00e3o Turnkey Sportsbook | SOFTSWISS","description":"Uma Solu\u00e7\u00e3o Turnkey Sportsbook completa com software, site e back office \u2014 pronta para operar sob a sua pr\u00f3pria licen\u00e7a.","robots":{"index":"index","follow":"follow","max-snippet":"max-snippet:-1","max-image-preview":"max-image-preview:large","max-video-preview":"max-video-preview:-1"},"canonical":"https:\/\/www.softswiss.com\/pt\/turnkey-sportsbook-solution\/","og_locale":"pt_PT","og_type":"article","og_title":"Solu\u00e7\u00e3o Turnkey Sportsbook | SOFTSWISS","og_description":"Uma Solu\u00e7\u00e3o Turnkey Sportsbook completa com software, site e back office \u2014 pronta para operar sob a sua pr\u00f3pria licen\u00e7a.","og_url":"https:\/\/www.softswiss.com\/pt\/turnkey-sportsbook-solution\/","og_site_name":"SOFTSWISS","article_modified_time":"2026-03-24T08:07:49+00:00","og_image":[{"width":1200,"height":630,"url":"https:\/\/www.softswiss.com\/wp-content\/uploads\/2026\/04\/preview_image_2026.webp","type":"image\/webp"}],"twitter_card":"summary_large_image","schema":{"@context":"https:\/\/schema.org","@graph":[{"@type":"WebPage","@id":"https:\/\/www.softswiss.com\/pt\/turnkey-sportsbook-solution\/","url":"https:\/\/www.softswiss.com\/pt\/turnkey-sportsbook-solution\/","name":"Solu\u00e7\u00e3o Turnkey Sportsbook | SOFTSWISS","isPartOf":{"@id":"https:\/\/www.softswiss.com\/pt\/#website"},"datePublished":"2025-11-12T12:29:06+00:00","dateModified":"2026-03-24T08:07:49+00:00","description":"Uma Solu\u00e7\u00e3o Turnkey Sportsbook completa com software, site e back office \u2014 pronta para operar sob a sua pr\u00f3pria licen\u00e7a.","breadcrumb":{"@id":"https:\/\/www.softswiss.com\/pt\/turnkey-sportsbook-solution\/#breadcrumb"},"inLanguage":"pt-PT","potentialAction":[{"@type":"ReadAction","target":["https:\/\/www.softswiss.com\/pt\/turnkey-sportsbook-solution\/"]}]},{"@type":"BreadcrumbList","@id":"https:\/\/www.softswiss.com\/pt\/turnkey-sportsbook-solution\/#breadcrumb","itemListElement":[{"@type":"ListItem","position":1,"name":"Home","item":"https:\/\/www.softswiss.com\/pt\/"},{"@type":"ListItem","position":2,"name":"Solu\u00e7\u00e3o Turnkey Sportsbook"}]},{"@type":"WebSite","@id":"https:\/\/www.softswiss.com\/pt\/#website","url":"https:\/\/www.softswiss.com\/pt\/","name":"SOFTSWISS","description":"iGaming software provider","publisher":{"@id":"https:\/\/www.softswiss.com\/pt\/#organization"},"potentialAction":[{"@type":"SearchAction","target":{"@type":"EntryPoint","urlTemplate":"https:\/\/www.softswiss.com\/pt\/?s={search_term_string}"},"query-input":{"@type":"PropertyValueSpecification","valueRequired":true,"valueName":"search_term_string"}}],"inLanguage":"pt-PT"},{"@type":"Organization","@id":"https:\/\/www.softswiss.com\/pt\/#organization","name":"SOFTSWISS","url":"https:\/\/www.softswiss.com\/pt\/","logo":{"@type":"ImageObject","inLanguage":"pt-PT","@id":"https:\/\/www.softswiss.com\/pt\/#\/schema\/logo\/image\/","url":"https:\/\/www.softswiss.com\/wp-content\/uploads\/2022\/04\/softswiss-logo-icon.jpg","contentUrl":"https:\/\/www.softswiss.com\/wp-content\/uploads\/2022\/04\/softswiss-logo-icon.jpg","width":1024,"height":1024,"caption":"SOFTSWISS"},"image":{"@id":"https:\/\/www.softswiss.com\/pt\/#\/schema\/logo\/image\/"}}]}},"_links":{"self":[{"href":"https:\/\/www.softswiss.com\/pt\/wp-json\/wp\/v2\/pages\/299548","targetHints":{"allow":["GET"]}}],"collection":[{"href":"https:\/\/www.softswiss.com\/pt\/wp-json\/wp\/v2\/pages"}],"about":[{"href":"https:\/\/www.softswiss.com\/pt\/wp-json\/wp\/v2\/types\/page"}],"author":[{"embeddable":true,"href":"https:\/\/www.softswiss.com\/pt\/wp-json\/wp\/v2\/users\/72"}],"replies":[{"embeddable":true,"href":"https:\/\/www.softswiss.com\/pt\/wp-json\/wp\/v2\/comments?post=299548"}],"version-history":[{"count":7,"href":"https:\/\/www.softswiss.com\/pt\/wp-json\/wp\/v2\/pages\/299548\/revisions"}],"predecessor-version":[{"id":328624,"href":"https:\/\/www.softswiss.com\/pt\/wp-json\/wp\/v2\/pages\/299548\/revisions\/328624"}],"wp:attachment":[{"href":"https:\/\/www.softswiss.com\/pt\/wp-json\/wp\/v2\/media?parent=299548"}],"wp:term":[{"taxonomy":"content","embeddable":true,"href":"https:\/\/www.softswiss.com\/pt\/wp-json\/wp\/v2\/content?post=299548"}],"curies":[{"name":"wp","href":"https:\/\/api.w.org\/{rel}","templated":true}]}}