{"id":239126,"date":"2025-05-19T09:08:19","date_gmt":"2025-05-19T09:08:19","guid":{"rendered":"https:\/\/www.softswiss.com\/?page_id=239126"},"modified":"2026-03-18T16:57:18","modified_gmt":"2026-03-18T16:57:18","slug":"sportsbook","status":"publish","type":"page","link":"https:\/\/www.softswiss.com\/pt\/sportsbook\/","title":{"rendered":"Sportsbook"},"content":[330],"excerpt":{"rendered":"","protected":false},"author":72,"featured_media":246994,"parent":0,"menu_order":0,"comment_status":"closed","ping_status":"closed","template":"page-templates\/product_new.php","meta":{"_acf_changed":false,"limit_modified_date":"","last_modified_date":"","ep_exclude_from_search":false,"footnotes":""},"class_list":["post-239126","page","type-page","status-publish","has-post-thumbnail","hentry","content-products"],"acf":[],"yoast_head":"<!-- This site is optimized with the Yoast SEO plugin v27.3 - https:\/\/yoast.com\/product\/yoast-seo-wordpress\/ -->\n<title>Sportsbook - Solu\u00e7\u00f5es Para Casas de Apostas<\/title>\n<meta name=\"description\" content=\"Descubra o SOFTSWISS Sportsbook: a melhor solu\u00e7\u00e3o para operadores que buscam seguran\u00e7a, inova\u00e7\u00e3o e flexibilidade.\" \/>\n<meta name=\"robots\" content=\"index, follow, max-snippet:-1, max-image-preview:large, max-video-preview:-1\" \/>\n<link rel=\"canonical\" href=\"https:\/\/www.softswiss.com\/pt\/sportsbook\/\" \/>\n<meta property=\"og:locale\" content=\"pt_PT\" \/>\n<meta property=\"og:type\" content=\"article\" \/>\n<meta property=\"og:title\" content=\"Sportsbook - Solu\u00e7\u00f5es Para Casas de Apostas\" \/>\n<meta property=\"og:description\" content=\"Descubra o SOFTSWISS Sportsbook: a melhor solu\u00e7\u00e3o para operadores que buscam seguran\u00e7a, inova\u00e7\u00e3o e flexibilidade.\" \/>\n<meta property=\"og:url\" content=\"https:\/\/www.softswiss.com\/pt\/sportsbook\/\" \/>\n<meta property=\"og:site_name\" content=\"SOFTSWISS\" \/>\n<meta property=\"article:modified_time\" content=\"2026-03-18T16:57:18+00:00\" \/>\n<meta property=\"og:image\" content=\"https:\/\/www.softswiss.com\/wp-content\/uploads\/2025\/07\/productsportsbook.webp\" \/>\n\t<meta property=\"og:image:width\" content=\"975\" \/>\n\t<meta property=\"og:image:height\" content=\"690\" \/>\n\t<meta property=\"og:image:type\" content=\"image\/webp\" \/>\n<meta name=\"twitter:card\" content=\"summary_large_image\" \/>\n<script type=\"application\/ld+json\" class=\"yoast-schema-graph\">{\"@context\":\"https:\\\/\\\/schema.org\",\"@graph\":[{\"@type\":\"WebPage\",\"@id\":\"https:\\\/\\\/www.softswiss.com\\\/pt\\\/sportsbook\\\/\",\"url\":\"https:\\\/\\\/www.softswiss.com\\\/pt\\\/sportsbook\\\/\",\"name\":\"Sportsbook - Solu\u00e7\u00f5es Para Casas de Apostas\",\"isPartOf\":{\"@id\":\"https:\\\/\\\/www.softswiss.com\\\/pt\\\/#website\"},\"primaryImageOfPage\":{\"@id\":\"https:\\\/\\\/www.softswiss.com\\\/pt\\\/sportsbook\\\/#primaryimage\"},\"image\":{\"@id\":\"https:\\\/\\\/www.softswiss.com\\\/pt\\\/sportsbook\\\/#primaryimage\"},\"thumbnailUrl\":\"https:\\\/\\\/www.softswiss.com\\\/wp-content\\\/uploads\\\/2025\\\/07\\\/productsportsbook.webp\",\"datePublished\":\"2025-05-19T09:08:19+00:00\",\"dateModified\":\"2026-03-18T16:57:18+00:00\",\"description\":\"Descubra o SOFTSWISS Sportsbook: a melhor solu\u00e7\u00e3o para operadores que buscam seguran\u00e7a, inova\u00e7\u00e3o e flexibilidade.\",\"breadcrumb\":{\"@id\":\"https:\\\/\\\/www.softswiss.com\\\/pt\\\/sportsbook\\\/#breadcrumb\"},\"inLanguage\":\"pt-PT\",\"potentialAction\":[{\"@type\":\"ReadAction\",\"target\":[\"https:\\\/\\\/www.softswiss.com\\\/pt\\\/sportsbook\\\/\"]}]},{\"@type\":\"ImageObject\",\"inLanguage\":\"pt-PT\",\"@id\":\"https:\\\/\\\/www.softswiss.com\\\/pt\\\/sportsbook\\\/#primaryimage\",\"url\":\"https:\\\/\\\/www.softswiss.com\\\/wp-content\\\/uploads\\\/2025\\\/07\\\/productsportsbook.webp\",\"contentUrl\":\"https:\\\/\\\/www.softswiss.com\\\/wp-content\\\/uploads\\\/2025\\\/07\\\/productsportsbook.webp\",\"width\":975,\"height\":690},{\"@type\":\"BreadcrumbList\",\"@id\":\"https:\\\/\\\/www.softswiss.com\\\/pt\\\/sportsbook\\\/#breadcrumb\",\"itemListElement\":[{\"@type\":\"ListItem\",\"position\":1,\"name\":\"Home\",\"item\":\"https:\\\/\\\/www.softswiss.com\\\/pt\\\/\"},{\"@type\":\"ListItem\",\"position\":2,\"name\":\"Sportsbook\"}]},{\"@type\":\"WebSite\",\"@id\":\"https:\\\/\\\/www.softswiss.com\\\/pt\\\/#website\",\"url\":\"https:\\\/\\\/www.softswiss.com\\\/pt\\\/\",\"name\":\"SOFTSWISS\",\"description\":\"iGaming software provider\",\"publisher\":{\"@id\":\"https:\\\/\\\/www.softswiss.com\\\/pt\\\/#organization\"},\"potentialAction\":[{\"@type\":\"SearchAction\",\"target\":{\"@type\":\"EntryPoint\",\"urlTemplate\":\"https:\\\/\\\/www.softswiss.com\\\/pt\\\/?s={search_term_string}\"},\"query-input\":{\"@type\":\"PropertyValueSpecification\",\"valueRequired\":true,\"valueName\":\"search_term_string\"}}],\"inLanguage\":\"pt-PT\"},{\"@type\":\"Organization\",\"@id\":\"https:\\\/\\\/www.softswiss.com\\\/pt\\\/#organization\",\"name\":\"SOFTSWISS\",\"url\":\"https:\\\/\\\/www.softswiss.com\\\/pt\\\/\",\"logo\":{\"@type\":\"ImageObject\",\"inLanguage\":\"pt-PT\",\"@id\":\"https:\\\/\\\/www.softswiss.com\\\/pt\\\/#\\\/schema\\\/logo\\\/image\\\/\",\"url\":\"https:\\\/\\\/www.softswiss.com\\\/wp-content\\\/uploads\\\/2022\\\/04\\\/softswiss-logo-icon.jpg\",\"contentUrl\":\"https:\\\/\\\/www.softswiss.com\\\/wp-content\\\/uploads\\\/2022\\\/04\\\/softswiss-logo-icon.jpg\",\"width\":1024,\"height\":1024,\"caption\":\"SOFTSWISS\"},\"image\":{\"@id\":\"https:\\\/\\\/www.softswiss.com\\\/pt\\\/#\\\/schema\\\/logo\\\/image\\\/\"}}]}<\/script>\n<!-- \/ Yoast SEO plugin. -->","yoast_head_json":{"title":"Sportsbook - Solu\u00e7\u00f5es Para Casas de Apostas","description":"Descubra o SOFTSWISS Sportsbook: a melhor solu\u00e7\u00e3o para operadores que buscam seguran\u00e7a, inova\u00e7\u00e3o e flexibilidade.","robots":{"index":"index","follow":"follow","max-snippet":"max-snippet:-1","max-image-preview":"max-image-preview:large","max-video-preview":"max-video-preview:-1"},"canonical":"https:\/\/www.softswiss.com\/pt\/sportsbook\/","og_locale":"pt_PT","og_type":"article","og_title":"Sportsbook - Solu\u00e7\u00f5es Para Casas de Apostas","og_description":"Descubra o SOFTSWISS Sportsbook: a melhor solu\u00e7\u00e3o para operadores que buscam seguran\u00e7a, inova\u00e7\u00e3o e flexibilidade.","og_url":"https:\/\/www.softswiss.com\/pt\/sportsbook\/","og_site_name":"SOFTSWISS","article_modified_time":"2026-03-18T16:57:18+00:00","og_image":[{"width":975,"height":690,"url":"https:\/\/www.softswiss.com\/wp-content\/uploads\/2025\/07\/productsportsbook.webp","type":"image\/webp"}],"twitter_card":"summary_large_image","schema":{"@context":"https:\/\/schema.org","@graph":[{"@type":"WebPage","@id":"https:\/\/www.softswiss.com\/pt\/sportsbook\/","url":"https:\/\/www.softswiss.com\/pt\/sportsbook\/","name":"Sportsbook - Solu\u00e7\u00f5es Para Casas de Apostas","isPartOf":{"@id":"https:\/\/www.softswiss.com\/pt\/#website"},"primaryImageOfPage":{"@id":"https:\/\/www.softswiss.com\/pt\/sportsbook\/#primaryimage"},"image":{"@id":"https:\/\/www.softswiss.com\/pt\/sportsbook\/#primaryimage"},"thumbnailUrl":"https:\/\/www.softswiss.com\/wp-content\/uploads\/2025\/07\/productsportsbook.webp","datePublished":"2025-05-19T09:08:19+00:00","dateModified":"2026-03-18T16:57:18+00:00","description":"Descubra o SOFTSWISS Sportsbook: a melhor solu\u00e7\u00e3o para operadores que buscam seguran\u00e7a, inova\u00e7\u00e3o e flexibilidade.","breadcrumb":{"@id":"https:\/\/www.softswiss.com\/pt\/sportsbook\/#breadcrumb"},"inLanguage":"pt-PT","potentialAction":[{"@type":"ReadAction","target":["https:\/\/www.softswiss.com\/pt\/sportsbook\/"]}]},{"@type":"ImageObject","inLanguage":"pt-PT","@id":"https:\/\/www.softswiss.com\/pt\/sportsbook\/#primaryimage","url":"https:\/\/www.softswiss.com\/wp-content\/uploads\/2025\/07\/productsportsbook.webp","contentUrl":"https:\/\/www.softswiss.com\/wp-content\/uploads\/2025\/07\/productsportsbook.webp","width":975,"height":690},{"@type":"BreadcrumbList","@id":"https:\/\/www.softswiss.com\/pt\/sportsbook\/#breadcrumb","itemListElement":[{"@type":"ListItem","position":1,"name":"Home","item":"https:\/\/www.softswiss.com\/pt\/"},{"@type":"ListItem","position":2,"name":"Sportsbook"}]},{"@type":"WebSite","@id":"https:\/\/www.softswiss.com\/pt\/#website","url":"https:\/\/www.softswiss.com\/pt\/","name":"SOFTSWISS","description":"iGaming software provider","publisher":{"@id":"https:\/\/www.softswiss.com\/pt\/#organization"},"potentialAction":[{"@type":"SearchAction","target":{"@type":"EntryPoint","urlTemplate":"https:\/\/www.softswiss.com\/pt\/?s={search_term_string}"},"query-input":{"@type":"PropertyValueSpecification","valueRequired":true,"valueName":"search_term_string"}}],"inLanguage":"pt-PT"},{"@type":"Organization","@id":"https:\/\/www.softswiss.com\/pt\/#organization","name":"SOFTSWISS","url":"https:\/\/www.softswiss.com\/pt\/","logo":{"@type":"ImageObject","inLanguage":"pt-PT","@id":"https:\/\/www.softswiss.com\/pt\/#\/schema\/logo\/image\/","url":"https:\/\/www.softswiss.com\/wp-content\/uploads\/2022\/04\/softswiss-logo-icon.jpg","contentUrl":"https:\/\/www.softswiss.com\/wp-content\/uploads\/2022\/04\/softswiss-logo-icon.jpg","width":1024,"height":1024,"caption":"SOFTSWISS"},"image":{"@id":"https:\/\/www.softswiss.com\/pt\/#\/schema\/logo\/image\/"}}]}},"_links":{"self":[{"href":"https:\/\/www.softswiss.com\/pt\/wp-json\/wp\/v2\/pages\/239126","targetHints":{"allow":["GET"]}}],"collection":[{"href":"https:\/\/www.softswiss.com\/pt\/wp-json\/wp\/v2\/pages"}],"about":[{"href":"https:\/\/www.softswiss.com\/pt\/wp-json\/wp\/v2\/types\/page"}],"author":[{"embeddable":true,"href":"https:\/\/www.softswiss.com\/pt\/wp-json\/wp\/v2\/users\/72"}],"replies":[{"embeddable":true,"href":"https:\/\/www.softswiss.com\/pt\/wp-json\/wp\/v2\/comments?post=239126"}],"version-history":[{"count":40,"href":"https:\/\/www.softswiss.com\/pt\/wp-json\/wp\/v2\/pages\/239126\/revisions"}],"predecessor-version":[{"id":328322,"href":"https:\/\/www.softswiss.com\/pt\/wp-json\/wp\/v2\/pages\/239126\/revisions\/328322"}],"wp:featuredmedia":[{"embeddable":true,"href":"https:\/\/www.softswiss.com\/pt\/wp-json\/wp\/v2\/media\/246994"}],"wp:attachment":[{"href":"https:\/\/www.softswiss.com\/pt\/wp-json\/wp\/v2\/media?parent=239126"}],"wp:term":[{"taxonomy":"content","embeddable":true,"href":"https:\/\/www.softswiss.com\/pt\/wp-json\/wp\/v2\/content?post=239126"}],"curies":[{"name":"wp","href":"https:\/\/api.w.org\/{rel}","templated":true}]}}