{"id":139331,"date":"2024-11-22T13:47:02","date_gmt":"2024-11-22T13:47:02","guid":{"rendered":"https:\/\/www.softswiss.com\/software\/"},"modified":"2026-05-11T10:52:45","modified_gmt":"2026-05-11T10:52:45","slug":"tech-stack","status":"publish","type":"page","link":"https:\/\/www.softswiss.com\/pt\/tech-stack\/","title":{"rendered":"Tecnologia e Software de Ponta para iGaming"},"content":[],"excerpt":{"rendered":"","protected":false},"author":46,"featured_media":0,"parent":0,"menu_order":0,"comment_status":"closed","ping_status":"closed","template":"page-templates\/software_page.php","meta":{"_acf_changed":false,"limit_modified_date":"","last_modified_date":"","ep_exclude_from_search":false,"footnotes":""},"class_list":["post-139331","page","type-page","status-publish","hentry"],"acf":[],"yoast_head":"<!-- This site is optimized with the Yoast SEO plugin v27.3 - https:\/\/yoast.com\/product\/yoast-seo-wordpress\/ -->\n<title>Tecnologia e Software de Ponta para iGaming | SOFTSWISS<\/title>\n<meta name=\"description\" content=\"Explore as solu\u00e7\u00f5es de software l\u00edderes da SOFTSWISS: cassino expans\u00edvel, apostas esportivas, pagamentos, cassino social, gest\u00e3o de afiliados, agrega\u00e7\u00e3o de jogos, solu\u00e7\u00f5es de jackpot e muito mais.\" \/>\n<meta name=\"robots\" content=\"noindex, nofollow\" \/>\n<meta property=\"og:locale\" content=\"pt_PT\" \/>\n<meta property=\"og:type\" content=\"article\" \/>\n<meta property=\"og:title\" content=\"Tecnologia e Software de Ponta para iGaming | SOFTSWISS\" \/>\n<meta property=\"og:description\" content=\"Explore as solu\u00e7\u00f5es de software l\u00edderes da SOFTSWISS: cassino expans\u00edvel, apostas esportivas, pagamentos, cassino social, gest\u00e3o de afiliados, agrega\u00e7\u00e3o de jogos, solu\u00e7\u00f5es de jackpot e muito mais.\" \/>\n<meta property=\"og:url\" content=\"https:\/\/www.softswiss.com\/pt\/tech-stack\/\" \/>\n<meta property=\"og:site_name\" content=\"SOFTSWISS\" \/>\n<meta property=\"article:modified_time\" content=\"2026-05-11T10:52:45+00:00\" \/>\n<meta property=\"og:image\" content=\"https:\/\/www.softswiss.com\/wp-content\/uploads\/2026\/04\/preview_image_2026.webp\" \/>\n\t<meta property=\"og:image:width\" content=\"1200\" \/>\n\t<meta property=\"og:image:height\" content=\"630\" \/>\n\t<meta property=\"og:image:type\" content=\"image\/webp\" \/>\n<meta name=\"twitter:card\" content=\"summary_large_image\" \/>\n<script type=\"application\/ld+json\" class=\"yoast-schema-graph\">{\"@context\":\"https:\\\/\\\/schema.org\",\"@graph\":[{\"@type\":\"WebPage\",\"@id\":\"https:\\\/\\\/www.softswiss.com\\\/pt\\\/tech-stack\\\/\",\"url\":\"https:\\\/\\\/www.softswiss.com\\\/pt\\\/tech-stack\\\/\",\"name\":\"Tecnologia e Software de Ponta para iGaming | SOFTSWISS\",\"isPartOf\":{\"@id\":\"https:\\\/\\\/www.softswiss.com\\\/pt\\\/#website\"},\"datePublished\":\"2024-11-22T13:47:02+00:00\",\"dateModified\":\"2026-05-11T10:52:45+00:00\",\"description\":\"Explore as solu\u00e7\u00f5es de software l\u00edderes da SOFTSWISS: cassino expans\u00edvel, apostas esportivas, pagamentos, cassino social, gest\u00e3o de afiliados, agrega\u00e7\u00e3o de jogos, solu\u00e7\u00f5es de jackpot e muito mais.\",\"breadcrumb\":{\"@id\":\"https:\\\/\\\/www.softswiss.com\\\/pt\\\/tech-stack\\\/#breadcrumb\"},\"inLanguage\":\"pt-PT\",\"potentialAction\":[{\"@type\":\"ReadAction\",\"target\":[\"https:\\\/\\\/www.softswiss.com\\\/pt\\\/tech-stack\\\/\"]}]},{\"@type\":\"BreadcrumbList\",\"@id\":\"https:\\\/\\\/www.softswiss.com\\\/pt\\\/tech-stack\\\/#breadcrumb\",\"itemListElement\":[{\"@type\":\"ListItem\",\"position\":1,\"name\":\"Home\",\"item\":\"https:\\\/\\\/www.softswiss.com\\\/pt\\\/\"},{\"@type\":\"ListItem\",\"position\":2,\"name\":\"Tecnologia e Software de Ponta para iGaming\"}]},{\"@type\":\"WebSite\",\"@id\":\"https:\\\/\\\/www.softswiss.com\\\/pt\\\/#website\",\"url\":\"https:\\\/\\\/www.softswiss.com\\\/pt\\\/\",\"name\":\"SOFTSWISS\",\"description\":\"iGaming software provider\",\"publisher\":{\"@id\":\"https:\\\/\\\/www.softswiss.com\\\/pt\\\/#organization\"},\"potentialAction\":[{\"@type\":\"SearchAction\",\"target\":{\"@type\":\"EntryPoint\",\"urlTemplate\":\"https:\\\/\\\/www.softswiss.com\\\/pt\\\/?s={search_term_string}\"},\"query-input\":{\"@type\":\"PropertyValueSpecification\",\"valueRequired\":true,\"valueName\":\"search_term_string\"}}],\"inLanguage\":\"pt-PT\"},{\"@type\":\"Organization\",\"@id\":\"https:\\\/\\\/www.softswiss.com\\\/pt\\\/#organization\",\"name\":\"SOFTSWISS\",\"url\":\"https:\\\/\\\/www.softswiss.com\\\/pt\\\/\",\"logo\":{\"@type\":\"ImageObject\",\"inLanguage\":\"pt-PT\",\"@id\":\"https:\\\/\\\/www.softswiss.com\\\/pt\\\/#\\\/schema\\\/logo\\\/image\\\/\",\"url\":\"https:\\\/\\\/www.softswiss.com\\\/wp-content\\\/uploads\\\/2022\\\/04\\\/softswiss-logo-icon.jpg\",\"contentUrl\":\"https:\\\/\\\/www.softswiss.com\\\/wp-content\\\/uploads\\\/2022\\\/04\\\/softswiss-logo-icon.jpg\",\"width\":1024,\"height\":1024,\"caption\":\"SOFTSWISS\"},\"image\":{\"@id\":\"https:\\\/\\\/www.softswiss.com\\\/pt\\\/#\\\/schema\\\/logo\\\/image\\\/\"}}]}<\/script>\n<!-- \/ Yoast SEO plugin. -->","yoast_head_json":{"title":"Tecnologia e Software de Ponta para iGaming | SOFTSWISS","description":"Explore as solu\u00e7\u00f5es de software l\u00edderes da SOFTSWISS: cassino expans\u00edvel, apostas esportivas, pagamentos, cassino social, gest\u00e3o de afiliados, agrega\u00e7\u00e3o de jogos, solu\u00e7\u00f5es de jackpot e muito mais.","robots":{"index":"noindex","follow":"nofollow"},"og_locale":"pt_PT","og_type":"article","og_title":"Tecnologia e Software de Ponta para iGaming | SOFTSWISS","og_description":"Explore as solu\u00e7\u00f5es de software l\u00edderes da SOFTSWISS: cassino expans\u00edvel, apostas esportivas, pagamentos, cassino social, gest\u00e3o de afiliados, agrega\u00e7\u00e3o de jogos, solu\u00e7\u00f5es de jackpot e muito mais.","og_url":"https:\/\/www.softswiss.com\/pt\/tech-stack\/","og_site_name":"SOFTSWISS","article_modified_time":"2026-05-11T10:52:45+00:00","og_image":[{"width":1200,"height":630,"url":"https:\/\/www.softswiss.com\/wp-content\/uploads\/2026\/04\/preview_image_2026.webp","type":"image\/webp"}],"twitter_card":"summary_large_image","schema":{"@context":"https:\/\/schema.org","@graph":[{"@type":"WebPage","@id":"https:\/\/www.softswiss.com\/pt\/tech-stack\/","url":"https:\/\/www.softswiss.com\/pt\/tech-stack\/","name":"Tecnologia e Software de Ponta para iGaming | SOFTSWISS","isPartOf":{"@id":"https:\/\/www.softswiss.com\/pt\/#website"},"datePublished":"2024-11-22T13:47:02+00:00","dateModified":"2026-05-11T10:52:45+00:00","description":"Explore as solu\u00e7\u00f5es de software l\u00edderes da SOFTSWISS: cassino expans\u00edvel, apostas esportivas, pagamentos, cassino social, gest\u00e3o de afiliados, agrega\u00e7\u00e3o de jogos, solu\u00e7\u00f5es de jackpot e muito mais.","breadcrumb":{"@id":"https:\/\/www.softswiss.com\/pt\/tech-stack\/#breadcrumb"},"inLanguage":"pt-PT","potentialAction":[{"@type":"ReadAction","target":["https:\/\/www.softswiss.com\/pt\/tech-stack\/"]}]},{"@type":"BreadcrumbList","@id":"https:\/\/www.softswiss.com\/pt\/tech-stack\/#breadcrumb","itemListElement":[{"@type":"ListItem","position":1,"name":"Home","item":"https:\/\/www.softswiss.com\/pt\/"},{"@type":"ListItem","position":2,"name":"Tecnologia e Software de Ponta para iGaming"}]},{"@type":"WebSite","@id":"https:\/\/www.softswiss.com\/pt\/#website","url":"https:\/\/www.softswiss.com\/pt\/","name":"SOFTSWISS","description":"iGaming software provider","publisher":{"@id":"https:\/\/www.softswiss.com\/pt\/#organization"},"potentialAction":[{"@type":"SearchAction","target":{"@type":"EntryPoint","urlTemplate":"https:\/\/www.softswiss.com\/pt\/?s={search_term_string}"},"query-input":{"@type":"PropertyValueSpecification","valueRequired":true,"valueName":"search_term_string"}}],"inLanguage":"pt-PT"},{"@type":"Organization","@id":"https:\/\/www.softswiss.com\/pt\/#organization","name":"SOFTSWISS","url":"https:\/\/www.softswiss.com\/pt\/","logo":{"@type":"ImageObject","inLanguage":"pt-PT","@id":"https:\/\/www.softswiss.com\/pt\/#\/schema\/logo\/image\/","url":"https:\/\/www.softswiss.com\/wp-content\/uploads\/2022\/04\/softswiss-logo-icon.jpg","contentUrl":"https:\/\/www.softswiss.com\/wp-content\/uploads\/2022\/04\/softswiss-logo-icon.jpg","width":1024,"height":1024,"caption":"SOFTSWISS"},"image":{"@id":"https:\/\/www.softswiss.com\/pt\/#\/schema\/logo\/image\/"}}]}},"_links":{"self":[{"href":"https:\/\/www.softswiss.com\/pt\/wp-json\/wp\/v2\/pages\/139331","targetHints":{"allow":["GET"]}}],"collection":[{"href":"https:\/\/www.softswiss.com\/pt\/wp-json\/wp\/v2\/pages"}],"about":[{"href":"https:\/\/www.softswiss.com\/pt\/wp-json\/wp\/v2\/types\/page"}],"author":[{"embeddable":true,"href":"https:\/\/www.softswiss.com\/pt\/wp-json\/wp\/v2\/users\/46"}],"replies":[{"embeddable":true,"href":"https:\/\/www.softswiss.com\/pt\/wp-json\/wp\/v2\/comments?post=139331"}],"version-history":[{"count":17,"href":"https:\/\/www.softswiss.com\/pt\/wp-json\/wp\/v2\/pages\/139331\/revisions"}],"predecessor-version":[{"id":331795,"href":"https:\/\/www.softswiss.com\/pt\/wp-json\/wp\/v2\/pages\/139331\/revisions\/331795"}],"wp:attachment":[{"href":"https:\/\/www.softswiss.com\/pt\/wp-json\/wp\/v2\/media?parent=139331"}],"wp:term":[{"taxonomy":"content","embeddable":true,"href":"https:\/\/www.softswiss.com\/pt\/wp-json\/wp\/v2\/content?post=139331"}],"curies":[{"name":"wp","href":"https:\/\/api.w.org\/{rel}","templated":true}]}}