{"id":106482,"date":"2024-10-16T18:09:03","date_gmt":"2024-10-16T18:09:03","guid":{"rendered":"https:\/\/www.softswiss.com\/?page_id=106482"},"modified":"2026-02-17T11:18:24","modified_gmt":"2026-02-17T11:18:24","slug":"nigeria","status":"publish","type":"page","link":"https:\/\/www.softswiss.com\/pt\/compliance\/nigeria\/","title":{"rendered":"Nig\u00e9ria"},"content":[315],"excerpt":{"rendered":"","protected":false},"author":40,"featured_media":23187,"parent":105415,"menu_order":0,"comment_status":"closed","ping_status":"closed","template":"page-templates\/licenses_single.php","meta":{"_acf_changed":false,"limit_modified_date":"","last_modified_date":"","ep_exclude_from_search":false,"footnotes":""},"class_list":["post-106482","page","type-page","status-publish","has-post-thumbnail","hentry","content-licence-pt"],"acf":[],"yoast_head":"<!-- This site is optimized with the Yoast SEO plugin v27.3 - https:\/\/yoast.com\/product\/yoast-seo-wordpress\/ -->\n<title>Licen\u00e7a de jogos da Nig\u00e9ria | SOFTSWISS<\/title>\n<meta name=\"description\" content=\"Veja os produtos da SOFTSWISS em conformidade com os requisitos da Comiss\u00e3o Reguladora Nacional de Loterias para jogos de azar online na Nig\u00e9ria.\" \/>\n<meta name=\"robots\" content=\"index, follow, max-snippet:-1, max-image-preview:large, max-video-preview:-1\" \/>\n<link rel=\"canonical\" href=\"https:\/\/www.softswiss.com\/pt\/compliance\/nigeria\/\" \/>\n<meta property=\"og:locale\" content=\"pt_PT\" \/>\n<meta property=\"og:type\" content=\"article\" \/>\n<meta property=\"og:title\" content=\"Licen\u00e7a de jogos da Nig\u00e9ria | SOFTSWISS\" \/>\n<meta property=\"og:description\" content=\"Veja os produtos da SOFTSWISS em conformidade com os requisitos da Comiss\u00e3o Reguladora Nacional de Loterias para jogos de azar online na Nig\u00e9ria.\" \/>\n<meta property=\"og:url\" content=\"https:\/\/www.softswiss.com\/pt\/compliance\/nigeria\/\" \/>\n<meta property=\"og:site_name\" content=\"SOFTSWISS\" \/>\n<meta property=\"article:modified_time\" content=\"2026-02-17T11:18:24+00:00\" \/>\n<meta property=\"og:image\" content=\"https:\/\/www.softswiss.com\/wp-content\/uploads\/2022\/01\/nigeria.png\" \/>\n\t<meta property=\"og:image:width\" content=\"416\" \/>\n\t<meta property=\"og:image:height\" content=\"417\" \/>\n\t<meta property=\"og:image:type\" content=\"image\/png\" \/>\n<meta name=\"twitter:card\" content=\"summary_large_image\" \/>\n<script type=\"application\/ld+json\" class=\"yoast-schema-graph\">{\"@context\":\"https:\\\/\\\/schema.org\",\"@graph\":[{\"@type\":\"WebPage\",\"@id\":\"https:\\\/\\\/www.softswiss.com\\\/pt\\\/compliance\\\/nigeria\\\/\",\"url\":\"https:\\\/\\\/www.softswiss.com\\\/pt\\\/compliance\\\/nigeria\\\/\",\"name\":\"Licen\u00e7a de jogos da Nig\u00e9ria | SOFTSWISS\",\"isPartOf\":{\"@id\":\"https:\\\/\\\/www.softswiss.com\\\/pt\\\/#website\"},\"primaryImageOfPage\":{\"@id\":\"https:\\\/\\\/www.softswiss.com\\\/pt\\\/compliance\\\/nigeria\\\/#primaryimage\"},\"image\":{\"@id\":\"https:\\\/\\\/www.softswiss.com\\\/pt\\\/compliance\\\/nigeria\\\/#primaryimage\"},\"thumbnailUrl\":\"https:\\\/\\\/www.softswiss.com\\\/wp-content\\\/uploads\\\/2022\\\/01\\\/nigeria.png\",\"datePublished\":\"2024-10-16T18:09:03+00:00\",\"dateModified\":\"2026-02-17T11:18:24+00:00\",\"description\":\"Veja os produtos da SOFTSWISS em conformidade com os requisitos da Comiss\u00e3o Reguladora Nacional de Loterias para jogos de azar online na Nig\u00e9ria.\",\"breadcrumb\":{\"@id\":\"https:\\\/\\\/www.softswiss.com\\\/pt\\\/compliance\\\/nigeria\\\/#breadcrumb\"},\"inLanguage\":\"pt-PT\",\"potentialAction\":[{\"@type\":\"ReadAction\",\"target\":[\"https:\\\/\\\/www.softswiss.com\\\/pt\\\/compliance\\\/nigeria\\\/\"]}]},{\"@type\":\"ImageObject\",\"inLanguage\":\"pt-PT\",\"@id\":\"https:\\\/\\\/www.softswiss.com\\\/pt\\\/compliance\\\/nigeria\\\/#primaryimage\",\"url\":\"https:\\\/\\\/www.softswiss.com\\\/wp-content\\\/uploads\\\/2022\\\/01\\\/nigeria.png\",\"contentUrl\":\"https:\\\/\\\/www.softswiss.com\\\/wp-content\\\/uploads\\\/2022\\\/01\\\/nigeria.png\",\"width\":416,\"height\":417,\"caption\":\"Nigeria flag icon in a rhombus shape with green and white vertical stripes\"},{\"@type\":\"BreadcrumbList\",\"@id\":\"https:\\\/\\\/www.softswiss.com\\\/pt\\\/compliance\\\/nigeria\\\/#breadcrumb\",\"itemListElement\":[{\"@type\":\"ListItem\",\"position\":1,\"name\":\"Home\",\"item\":\"https:\\\/\\\/www.softswiss.com\\\/pt\\\/\"},{\"@type\":\"ListItem\",\"position\":2,\"name\":\"Conformidade\",\"item\":\"https:\\\/\\\/www.softswiss.com\\\/pt\\\/compliance\\\/\"},{\"@type\":\"ListItem\",\"position\":3,\"name\":\"Nig\u00e9ria\"}]},{\"@type\":\"WebSite\",\"@id\":\"https:\\\/\\\/www.softswiss.com\\\/pt\\\/#website\",\"url\":\"https:\\\/\\\/www.softswiss.com\\\/pt\\\/\",\"name\":\"SOFTSWISS\",\"description\":\"iGaming software provider\",\"publisher\":{\"@id\":\"https:\\\/\\\/www.softswiss.com\\\/pt\\\/#organization\"},\"potentialAction\":[{\"@type\":\"SearchAction\",\"target\":{\"@type\":\"EntryPoint\",\"urlTemplate\":\"https:\\\/\\\/www.softswiss.com\\\/pt\\\/?s={search_term_string}\"},\"query-input\":{\"@type\":\"PropertyValueSpecification\",\"valueRequired\":true,\"valueName\":\"search_term_string\"}}],\"inLanguage\":\"pt-PT\"},{\"@type\":\"Organization\",\"@id\":\"https:\\\/\\\/www.softswiss.com\\\/pt\\\/#organization\",\"name\":\"SOFTSWISS\",\"url\":\"https:\\\/\\\/www.softswiss.com\\\/pt\\\/\",\"logo\":{\"@type\":\"ImageObject\",\"inLanguage\":\"pt-PT\",\"@id\":\"https:\\\/\\\/www.softswiss.com\\\/pt\\\/#\\\/schema\\\/logo\\\/image\\\/\",\"url\":\"https:\\\/\\\/www.softswiss.com\\\/wp-content\\\/uploads\\\/2022\\\/04\\\/softswiss-logo-icon.jpg\",\"contentUrl\":\"https:\\\/\\\/www.softswiss.com\\\/wp-content\\\/uploads\\\/2022\\\/04\\\/softswiss-logo-icon.jpg\",\"width\":1024,\"height\":1024,\"caption\":\"SOFTSWISS\"},\"image\":{\"@id\":\"https:\\\/\\\/www.softswiss.com\\\/pt\\\/#\\\/schema\\\/logo\\\/image\\\/\"}}]}<\/script>\n<!-- \/ Yoast SEO plugin. -->","yoast_head_json":{"title":"Licen\u00e7a de jogos da Nig\u00e9ria | SOFTSWISS","description":"Veja os produtos da SOFTSWISS em conformidade com os requisitos da Comiss\u00e3o Reguladora Nacional de Loterias para jogos de azar online na Nig\u00e9ria.","robots":{"index":"index","follow":"follow","max-snippet":"max-snippet:-1","max-image-preview":"max-image-preview:large","max-video-preview":"max-video-preview:-1"},"canonical":"https:\/\/www.softswiss.com\/pt\/compliance\/nigeria\/","og_locale":"pt_PT","og_type":"article","og_title":"Licen\u00e7a de jogos da Nig\u00e9ria | SOFTSWISS","og_description":"Veja os produtos da SOFTSWISS em conformidade com os requisitos da Comiss\u00e3o Reguladora Nacional de Loterias para jogos de azar online na Nig\u00e9ria.","og_url":"https:\/\/www.softswiss.com\/pt\/compliance\/nigeria\/","og_site_name":"SOFTSWISS","article_modified_time":"2026-02-17T11:18:24+00:00","og_image":[{"width":416,"height":417,"url":"https:\/\/www.softswiss.com\/wp-content\/uploads\/2022\/01\/nigeria.png","type":"image\/png"}],"twitter_card":"summary_large_image","schema":{"@context":"https:\/\/schema.org","@graph":[{"@type":"WebPage","@id":"https:\/\/www.softswiss.com\/pt\/compliance\/nigeria\/","url":"https:\/\/www.softswiss.com\/pt\/compliance\/nigeria\/","name":"Licen\u00e7a de jogos da Nig\u00e9ria | SOFTSWISS","isPartOf":{"@id":"https:\/\/www.softswiss.com\/pt\/#website"},"primaryImageOfPage":{"@id":"https:\/\/www.softswiss.com\/pt\/compliance\/nigeria\/#primaryimage"},"image":{"@id":"https:\/\/www.softswiss.com\/pt\/compliance\/nigeria\/#primaryimage"},"thumbnailUrl":"https:\/\/www.softswiss.com\/wp-content\/uploads\/2022\/01\/nigeria.png","datePublished":"2024-10-16T18:09:03+00:00","dateModified":"2026-02-17T11:18:24+00:00","description":"Veja os produtos da SOFTSWISS em conformidade com os requisitos da Comiss\u00e3o Reguladora Nacional de Loterias para jogos de azar online na Nig\u00e9ria.","breadcrumb":{"@id":"https:\/\/www.softswiss.com\/pt\/compliance\/nigeria\/#breadcrumb"},"inLanguage":"pt-PT","potentialAction":[{"@type":"ReadAction","target":["https:\/\/www.softswiss.com\/pt\/compliance\/nigeria\/"]}]},{"@type":"ImageObject","inLanguage":"pt-PT","@id":"https:\/\/www.softswiss.com\/pt\/compliance\/nigeria\/#primaryimage","url":"https:\/\/www.softswiss.com\/wp-content\/uploads\/2022\/01\/nigeria.png","contentUrl":"https:\/\/www.softswiss.com\/wp-content\/uploads\/2022\/01\/nigeria.png","width":416,"height":417,"caption":"Nigeria flag icon in a rhombus shape with green and white vertical stripes"},{"@type":"BreadcrumbList","@id":"https:\/\/www.softswiss.com\/pt\/compliance\/nigeria\/#breadcrumb","itemListElement":[{"@type":"ListItem","position":1,"name":"Home","item":"https:\/\/www.softswiss.com\/pt\/"},{"@type":"ListItem","position":2,"name":"Conformidade","item":"https:\/\/www.softswiss.com\/pt\/compliance\/"},{"@type":"ListItem","position":3,"name":"Nig\u00e9ria"}]},{"@type":"WebSite","@id":"https:\/\/www.softswiss.com\/pt\/#website","url":"https:\/\/www.softswiss.com\/pt\/","name":"SOFTSWISS","description":"iGaming software provider","publisher":{"@id":"https:\/\/www.softswiss.com\/pt\/#organization"},"potentialAction":[{"@type":"SearchAction","target":{"@type":"EntryPoint","urlTemplate":"https:\/\/www.softswiss.com\/pt\/?s={search_term_string}"},"query-input":{"@type":"PropertyValueSpecification","valueRequired":true,"valueName":"search_term_string"}}],"inLanguage":"pt-PT"},{"@type":"Organization","@id":"https:\/\/www.softswiss.com\/pt\/#organization","name":"SOFTSWISS","url":"https:\/\/www.softswiss.com\/pt\/","logo":{"@type":"ImageObject","inLanguage":"pt-PT","@id":"https:\/\/www.softswiss.com\/pt\/#\/schema\/logo\/image\/","url":"https:\/\/www.softswiss.com\/wp-content\/uploads\/2022\/04\/softswiss-logo-icon.jpg","contentUrl":"https:\/\/www.softswiss.com\/wp-content\/uploads\/2022\/04\/softswiss-logo-icon.jpg","width":1024,"height":1024,"caption":"SOFTSWISS"},"image":{"@id":"https:\/\/www.softswiss.com\/pt\/#\/schema\/logo\/image\/"}}]}},"_links":{"self":[{"href":"https:\/\/www.softswiss.com\/pt\/wp-json\/wp\/v2\/pages\/106482","targetHints":{"allow":["GET"]}}],"collection":[{"href":"https:\/\/www.softswiss.com\/pt\/wp-json\/wp\/v2\/pages"}],"about":[{"href":"https:\/\/www.softswiss.com\/pt\/wp-json\/wp\/v2\/types\/page"}],"author":[{"embeddable":true,"href":"https:\/\/www.softswiss.com\/pt\/wp-json\/wp\/v2\/users\/40"}],"replies":[{"embeddable":true,"href":"https:\/\/www.softswiss.com\/pt\/wp-json\/wp\/v2\/comments?post=106482"}],"version-history":[{"count":8,"href":"https:\/\/www.softswiss.com\/pt\/wp-json\/wp\/v2\/pages\/106482\/revisions"}],"predecessor-version":[{"id":304328,"href":"https:\/\/www.softswiss.com\/pt\/wp-json\/wp\/v2\/pages\/106482\/revisions\/304328"}],"up":[{"embeddable":true,"href":"https:\/\/www.softswiss.com\/pt\/wp-json\/wp\/v2\/pages\/105415"}],"wp:featuredmedia":[{"embeddable":true,"href":"https:\/\/www.softswiss.com\/pt\/wp-json\/wp\/v2\/media\/23187"}],"wp:attachment":[{"href":"https:\/\/www.softswiss.com\/pt\/wp-json\/wp\/v2\/media?parent=106482"}],"wp:term":[{"taxonomy":"content","embeddable":true,"href":"https:\/\/www.softswiss.com\/pt\/wp-json\/wp\/v2\/content?post=106482"}],"curies":[{"name":"wp","href":"https:\/\/api.w.org\/{rel}","templated":true}]}}