{"id":88336,"date":"2024-03-28T08:27:54","date_gmt":"2024-03-28T08:27:54","guid":{"rendered":"https:\/\/www.softswiss.com\/?page_id=88336"},"modified":"2025-05-29T14:23:15","modified_gmt":"2025-05-29T14:23:15","slug":"migration","status":"publish","type":"page","link":"https:\/\/www.softswiss.com\/es\/casino-platform\/migration\/","title":{"rendered":"Migraci\u00f3n de la Plataforma de Casino SOFTSWISS"},"content":[],"excerpt":{"rendered":"","protected":false},"author":45,"featured_media":142388,"parent":241779,"menu_order":0,"comment_status":"closed","ping_status":"closed","template":"page-templates\/landing_report.php","meta":{"_acf_changed":false,"limit_modified_date":"","last_modified_date":"","ep_exclude_from_search":false,"footnotes":""},"class_list":["post-88336","page","type-page","status-publish","has-post-thumbnail","hentry"],"acf":[],"yoast_head":"<!-- This site is optimized with the Yoast SEO plugin v27.3 - https:\/\/yoast.com\/product\/yoast-seo-wordpress\/ -->\n<title>Migraci\u00f3n de la Plataforma de Casino SOFTSWISS | SOFTSWISS<\/title>\n<meta name=\"description\" content=\"Migra f\u00e1cilmente tu plataforma iGaming para entrar r\u00e1pidamente al mercado, ofrecer una experiencia superior a los jugadores y un rendimiento inigualable.\" \/>\n<meta name=\"robots\" content=\"index, follow, max-snippet:-1, max-image-preview:large, max-video-preview:-1\" \/>\n<link rel=\"canonical\" href=\"https:\/\/www.softswiss.com\/es\/casino-platform\/migration\/\" \/>\n<meta property=\"og:locale\" content=\"es_ES\" \/>\n<meta property=\"og:type\" content=\"article\" \/>\n<meta property=\"og:title\" content=\"Migraci\u00f3n de la Plataforma de Casino SOFTSWISS | SOFTSWISS\" \/>\n<meta property=\"og:description\" content=\"Migra f\u00e1cilmente tu plataforma iGaming para entrar r\u00e1pidamente al mercado, ofrecer una experiencia superior a los jugadores y un rendimiento inigualable.\" \/>\n<meta property=\"og:url\" content=\"https:\/\/www.softswiss.com\/es\/casino-platform\/migration\/\" \/>\n<meta property=\"og:site_name\" content=\"SOFTSWISS\" \/>\n<meta property=\"article:modified_time\" content=\"2025-05-29T14:23:15+00:00\" \/>\n<meta property=\"og:image\" content=\"https:\/\/www.softswiss.com\/wp-content\/uploads\/2025\/01\/softswiss.webp\" \/>\n\t<meta property=\"og:image:width\" content=\"1200\" \/>\n\t<meta property=\"og:image:height\" content=\"630\" \/>\n\t<meta property=\"og:image:type\" content=\"image\/webp\" \/>\n<meta name=\"twitter:card\" content=\"summary_large_image\" \/>\n<script type=\"application\/ld+json\" class=\"yoast-schema-graph\">{\"@context\":\"https:\\\/\\\/schema.org\",\"@graph\":[{\"@type\":\"WebPage\",\"@id\":\"https:\\\/\\\/www.softswiss.com\\\/es\\\/casino-platform\\\/migration\\\/\",\"url\":\"https:\\\/\\\/www.softswiss.com\\\/es\\\/casino-platform\\\/migration\\\/\",\"name\":\"Migraci\u00f3n de la Plataforma de Casino SOFTSWISS | SOFTSWISS\",\"isPartOf\":{\"@id\":\"https:\\\/\\\/www.softswiss.com\\\/es\\\/#website\"},\"primaryImageOfPage\":{\"@id\":\"https:\\\/\\\/www.softswiss.com\\\/es\\\/casino-platform\\\/migration\\\/#primaryimage\"},\"image\":{\"@id\":\"https:\\\/\\\/www.softswiss.com\\\/es\\\/casino-platform\\\/migration\\\/#primaryimage\"},\"thumbnailUrl\":\"https:\\\/\\\/www.softswiss.com\\\/wp-content\\\/uploads\\\/2025\\\/01\\\/softswiss.webp\",\"datePublished\":\"2024-03-28T08:27:54+00:00\",\"dateModified\":\"2025-05-29T14:23:15+00:00\",\"description\":\"Migra f\u00e1cilmente tu plataforma iGaming para entrar r\u00e1pidamente al mercado, ofrecer una experiencia superior a los jugadores y un rendimiento inigualable.\",\"breadcrumb\":{\"@id\":\"https:\\\/\\\/www.softswiss.com\\\/es\\\/casino-platform\\\/migration\\\/#breadcrumb\"},\"inLanguage\":\"es\",\"potentialAction\":[{\"@type\":\"ReadAction\",\"target\":[\"https:\\\/\\\/www.softswiss.com\\\/es\\\/casino-platform\\\/migration\\\/\"]}]},{\"@type\":\"ImageObject\",\"inLanguage\":\"es\",\"@id\":\"https:\\\/\\\/www.softswiss.com\\\/es\\\/casino-platform\\\/migration\\\/#primaryimage\",\"url\":\"https:\\\/\\\/www.softswiss.com\\\/wp-content\\\/uploads\\\/2025\\\/01\\\/softswiss.webp\",\"contentUrl\":\"https:\\\/\\\/www.softswiss.com\\\/wp-content\\\/uploads\\\/2025\\\/01\\\/softswiss.webp\",\"width\":1200,\"height\":630,\"caption\":\"softswiss-featured-image\"},{\"@type\":\"BreadcrumbList\",\"@id\":\"https:\\\/\\\/www.softswiss.com\\\/es\\\/casino-platform\\\/migration\\\/#breadcrumb\",\"itemListElement\":[{\"@type\":\"ListItem\",\"position\":1,\"name\":\"Home\",\"item\":\"https:\\\/\\\/www.softswiss.com\\\/es\\\/\"},{\"@type\":\"ListItem\",\"position\":2,\"name\":\"Casino Platform\",\"item\":\"https:\\\/\\\/www.softswiss.com\\\/es\\\/casino-platform\\\/\"},{\"@type\":\"ListItem\",\"position\":3,\"name\":\"Migraci\u00f3n de la Plataforma de Casino SOFTSWISS\"}]},{\"@type\":\"WebSite\",\"@id\":\"https:\\\/\\\/www.softswiss.com\\\/es\\\/#website\",\"url\":\"https:\\\/\\\/www.softswiss.com\\\/es\\\/\",\"name\":\"SOFTSWISS\",\"description\":\"iGaming software provider\",\"publisher\":{\"@id\":\"https:\\\/\\\/www.softswiss.com\\\/es\\\/#organization\"},\"potentialAction\":[{\"@type\":\"SearchAction\",\"target\":{\"@type\":\"EntryPoint\",\"urlTemplate\":\"https:\\\/\\\/www.softswiss.com\\\/es\\\/?s={search_term_string}\"},\"query-input\":{\"@type\":\"PropertyValueSpecification\",\"valueRequired\":true,\"valueName\":\"search_term_string\"}}],\"inLanguage\":\"es\"},{\"@type\":\"Organization\",\"@id\":\"https:\\\/\\\/www.softswiss.com\\\/es\\\/#organization\",\"name\":\"SOFTSWISS\",\"url\":\"https:\\\/\\\/www.softswiss.com\\\/es\\\/\",\"logo\":{\"@type\":\"ImageObject\",\"inLanguage\":\"es\",\"@id\":\"https:\\\/\\\/www.softswiss.com\\\/es\\\/#\\\/schema\\\/logo\\\/image\\\/\",\"url\":\"https:\\\/\\\/www.softswiss.com\\\/wp-content\\\/uploads\\\/2022\\\/04\\\/softswiss-logo-icon.jpg\",\"contentUrl\":\"https:\\\/\\\/www.softswiss.com\\\/wp-content\\\/uploads\\\/2022\\\/04\\\/softswiss-logo-icon.jpg\",\"width\":1024,\"height\":1024,\"caption\":\"SOFTSWISS\"},\"image\":{\"@id\":\"https:\\\/\\\/www.softswiss.com\\\/es\\\/#\\\/schema\\\/logo\\\/image\\\/\"}}]}<\/script>\n<!-- \/ Yoast SEO plugin. -->","yoast_head_json":{"title":"Migraci\u00f3n de la Plataforma de Casino SOFTSWISS | SOFTSWISS","description":"Migra f\u00e1cilmente tu plataforma iGaming para entrar r\u00e1pidamente al mercado, ofrecer una experiencia superior a los jugadores y un rendimiento inigualable.","robots":{"index":"index","follow":"follow","max-snippet":"max-snippet:-1","max-image-preview":"max-image-preview:large","max-video-preview":"max-video-preview:-1"},"canonical":"https:\/\/www.softswiss.com\/es\/casino-platform\/migration\/","og_locale":"es_ES","og_type":"article","og_title":"Migraci\u00f3n de la Plataforma de Casino SOFTSWISS | SOFTSWISS","og_description":"Migra f\u00e1cilmente tu plataforma iGaming para entrar r\u00e1pidamente al mercado, ofrecer una experiencia superior a los jugadores y un rendimiento inigualable.","og_url":"https:\/\/www.softswiss.com\/es\/casino-platform\/migration\/","og_site_name":"SOFTSWISS","article_modified_time":"2025-05-29T14:23:15+00:00","og_image":[{"width":1200,"height":630,"url":"https:\/\/www.softswiss.com\/wp-content\/uploads\/2025\/01\/softswiss.webp","type":"image\/webp"}],"twitter_card":"summary_large_image","schema":{"@context":"https:\/\/schema.org","@graph":[{"@type":"WebPage","@id":"https:\/\/www.softswiss.com\/es\/casino-platform\/migration\/","url":"https:\/\/www.softswiss.com\/es\/casino-platform\/migration\/","name":"Migraci\u00f3n de la Plataforma de Casino SOFTSWISS | SOFTSWISS","isPartOf":{"@id":"https:\/\/www.softswiss.com\/es\/#website"},"primaryImageOfPage":{"@id":"https:\/\/www.softswiss.com\/es\/casino-platform\/migration\/#primaryimage"},"image":{"@id":"https:\/\/www.softswiss.com\/es\/casino-platform\/migration\/#primaryimage"},"thumbnailUrl":"https:\/\/www.softswiss.com\/wp-content\/uploads\/2025\/01\/softswiss.webp","datePublished":"2024-03-28T08:27:54+00:00","dateModified":"2025-05-29T14:23:15+00:00","description":"Migra f\u00e1cilmente tu plataforma iGaming para entrar r\u00e1pidamente al mercado, ofrecer una experiencia superior a los jugadores y un rendimiento inigualable.","breadcrumb":{"@id":"https:\/\/www.softswiss.com\/es\/casino-platform\/migration\/#breadcrumb"},"inLanguage":"es","potentialAction":[{"@type":"ReadAction","target":["https:\/\/www.softswiss.com\/es\/casino-platform\/migration\/"]}]},{"@type":"ImageObject","inLanguage":"es","@id":"https:\/\/www.softswiss.com\/es\/casino-platform\/migration\/#primaryimage","url":"https:\/\/www.softswiss.com\/wp-content\/uploads\/2025\/01\/softswiss.webp","contentUrl":"https:\/\/www.softswiss.com\/wp-content\/uploads\/2025\/01\/softswiss.webp","width":1200,"height":630,"caption":"softswiss-featured-image"},{"@type":"BreadcrumbList","@id":"https:\/\/www.softswiss.com\/es\/casino-platform\/migration\/#breadcrumb","itemListElement":[{"@type":"ListItem","position":1,"name":"Home","item":"https:\/\/www.softswiss.com\/es\/"},{"@type":"ListItem","position":2,"name":"Casino Platform","item":"https:\/\/www.softswiss.com\/es\/casino-platform\/"},{"@type":"ListItem","position":3,"name":"Migraci\u00f3n de la Plataforma de Casino SOFTSWISS"}]},{"@type":"WebSite","@id":"https:\/\/www.softswiss.com\/es\/#website","url":"https:\/\/www.softswiss.com\/es\/","name":"SOFTSWISS","description":"iGaming software provider","publisher":{"@id":"https:\/\/www.softswiss.com\/es\/#organization"},"potentialAction":[{"@type":"SearchAction","target":{"@type":"EntryPoint","urlTemplate":"https:\/\/www.softswiss.com\/es\/?s={search_term_string}"},"query-input":{"@type":"PropertyValueSpecification","valueRequired":true,"valueName":"search_term_string"}}],"inLanguage":"es"},{"@type":"Organization","@id":"https:\/\/www.softswiss.com\/es\/#organization","name":"SOFTSWISS","url":"https:\/\/www.softswiss.com\/es\/","logo":{"@type":"ImageObject","inLanguage":"es","@id":"https:\/\/www.softswiss.com\/es\/#\/schema\/logo\/image\/","url":"https:\/\/www.softswiss.com\/wp-content\/uploads\/2022\/04\/softswiss-logo-icon.jpg","contentUrl":"https:\/\/www.softswiss.com\/wp-content\/uploads\/2022\/04\/softswiss-logo-icon.jpg","width":1024,"height":1024,"caption":"SOFTSWISS"},"image":{"@id":"https:\/\/www.softswiss.com\/es\/#\/schema\/logo\/image\/"}}]}},"_links":{"self":[{"href":"https:\/\/www.softswiss.com\/es\/wp-json\/wp\/v2\/pages\/88336","targetHints":{"allow":["GET"]}}],"collection":[{"href":"https:\/\/www.softswiss.com\/es\/wp-json\/wp\/v2\/pages"}],"about":[{"href":"https:\/\/www.softswiss.com\/es\/wp-json\/wp\/v2\/types\/page"}],"author":[{"embeddable":true,"href":"https:\/\/www.softswiss.com\/es\/wp-json\/wp\/v2\/users\/45"}],"replies":[{"embeddable":true,"href":"https:\/\/www.softswiss.com\/es\/wp-json\/wp\/v2\/comments?post=88336"}],"version-history":[{"count":9,"href":"https:\/\/www.softswiss.com\/es\/wp-json\/wp\/v2\/pages\/88336\/revisions"}],"predecessor-version":[{"id":241958,"href":"https:\/\/www.softswiss.com\/es\/wp-json\/wp\/v2\/pages\/88336\/revisions\/241958"}],"up":[{"embeddable":true,"href":"https:\/\/www.softswiss.com\/es\/wp-json\/wp\/v2\/pages\/241779"}],"wp:featuredmedia":[{"embeddable":true,"href":"https:\/\/www.softswiss.com\/es\/wp-json\/wp\/v2\/media\/142388"}],"wp:attachment":[{"href":"https:\/\/www.softswiss.com\/es\/wp-json\/wp\/v2\/media?parent=88336"}],"wp:term":[{"taxonomy":"content","embeddable":true,"href":"https:\/\/www.softswiss.com\/es\/wp-json\/wp\/v2\/content?post=88336"}],"curies":[{"name":"wp","href":"https:\/\/api.w.org\/{rel}","templated":true}]}}