{"id":28564,"date":"2022-01-13T11:08:35","date_gmt":"2022-01-13T11:08:35","guid":{"rendered":"https:\/\/www.softswiss.com\/licensing\/greece\/"},"modified":"2026-02-17T11:09:03","modified_gmt":"2026-02-17T11:09:03","slug":"greece","status":"publish","type":"page","link":"https:\/\/www.softswiss.com\/es\/compliance\/greece\/","title":{"rendered":"Grecia"},"content":[313],"excerpt":{"rendered":"","protected":false},"author":67,"featured_media":23199,"parent":28533,"menu_order":0,"comment_status":"closed","ping_status":"closed","template":"page-templates\/licenses_single.php","meta":{"_acf_changed":false,"limit_modified_date":"","last_modified_date":"","ep_exclude_from_search":false,"footnotes":""},"class_list":["post-28564","page","type-page","status-publish","has-post-thumbnail","hentry","content-licence-es"],"acf":[],"yoast_head":"<!-- This site is optimized with the Yoast SEO plugin v27.3 - https:\/\/yoast.com\/product\/yoast-seo-wordpress\/ -->\n<title>Licencia de juego de Grecia | SOFTSWISS<\/title>\n<meta name=\"description\" content=\"Consulte los productos de SOFTSWISS que cumplen los requisitos de la Comisi\u00f3n Hel\u00e9nica del Juego para las apuestas en l\u00ednea en Grecia.\" \/>\n<meta name=\"robots\" content=\"index, follow, max-snippet:-1, max-image-preview:large, max-video-preview:-1\" \/>\n<link rel=\"canonical\" href=\"https:\/\/www.softswiss.com\/es\/compliance\/greece\/\" \/>\n<meta property=\"og:locale\" content=\"es_ES\" \/>\n<meta property=\"og:type\" content=\"article\" \/>\n<meta property=\"og:title\" content=\"Licencia de juego de Grecia | SOFTSWISS\" \/>\n<meta property=\"og:description\" content=\"Consulte los productos de SOFTSWISS que cumplen los requisitos de la Comisi\u00f3n Hel\u00e9nica del Juego para las apuestas en l\u00ednea en Grecia.\" \/>\n<meta property=\"og:url\" content=\"https:\/\/www.softswiss.com\/es\/compliance\/greece\/\" \/>\n<meta property=\"og:site_name\" content=\"SOFTSWISS\" \/>\n<meta property=\"article:modified_time\" content=\"2026-02-17T11:09:03+00:00\" \/>\n<meta property=\"og:image\" content=\"https:\/\/www.softswiss.com\/wp-content\/uploads\/2022\/01\/greece.png\" \/>\n\t<meta property=\"og:image:width\" content=\"417\" \/>\n\t<meta property=\"og:image:height\" content=\"416\" \/>\n\t<meta property=\"og:image:type\" content=\"image\/png\" \/>\n<meta name=\"twitter:card\" content=\"summary_large_image\" \/>\n<meta name=\"twitter:label1\" content=\"Tiempo de lectura\" \/>\n\t<meta name=\"twitter:data1\" content=\"1 minuto\" \/>\n<script type=\"application\/ld+json\" class=\"yoast-schema-graph\">{\"@context\":\"https:\\\/\\\/schema.org\",\"@graph\":[{\"@type\":\"WebPage\",\"@id\":\"https:\\\/\\\/www.softswiss.com\\\/es\\\/compliance\\\/greece\\\/\",\"url\":\"https:\\\/\\\/www.softswiss.com\\\/es\\\/compliance\\\/greece\\\/\",\"name\":\"Licencia de juego de Grecia | SOFTSWISS\",\"isPartOf\":{\"@id\":\"https:\\\/\\\/www.softswiss.com\\\/es\\\/#website\"},\"primaryImageOfPage\":{\"@id\":\"https:\\\/\\\/www.softswiss.com\\\/es\\\/compliance\\\/greece\\\/#primaryimage\"},\"image\":{\"@id\":\"https:\\\/\\\/www.softswiss.com\\\/es\\\/compliance\\\/greece\\\/#primaryimage\"},\"thumbnailUrl\":\"https:\\\/\\\/www.softswiss.com\\\/wp-content\\\/uploads\\\/2022\\\/01\\\/greece.png\",\"datePublished\":\"2022-01-13T11:08:35+00:00\",\"dateModified\":\"2026-02-17T11:09:03+00:00\",\"description\":\"Consulte los productos de SOFTSWISS que cumplen los requisitos de la Comisi\u00f3n Hel\u00e9nica del Juego para las apuestas en l\u00ednea en Grecia.\",\"breadcrumb\":{\"@id\":\"https:\\\/\\\/www.softswiss.com\\\/es\\\/compliance\\\/greece\\\/#breadcrumb\"},\"inLanguage\":\"es\",\"potentialAction\":[{\"@type\":\"ReadAction\",\"target\":[\"https:\\\/\\\/www.softswiss.com\\\/es\\\/compliance\\\/greece\\\/\"]}]},{\"@type\":\"ImageObject\",\"inLanguage\":\"es\",\"@id\":\"https:\\\/\\\/www.softswiss.com\\\/es\\\/compliance\\\/greece\\\/#primaryimage\",\"url\":\"https:\\\/\\\/www.softswiss.com\\\/wp-content\\\/uploads\\\/2022\\\/01\\\/greece.png\",\"contentUrl\":\"https:\\\/\\\/www.softswiss.com\\\/wp-content\\\/uploads\\\/2022\\\/01\\\/greece.png\",\"width\":417,\"height\":416,\"caption\":\"Greece flag icon in a rhombus shape with blue and white stripes and a white cross on a blue square\"},{\"@type\":\"BreadcrumbList\",\"@id\":\"https:\\\/\\\/www.softswiss.com\\\/es\\\/compliance\\\/greece\\\/#breadcrumb\",\"itemListElement\":[{\"@type\":\"ListItem\",\"position\":1,\"name\":\"Home\",\"item\":\"https:\\\/\\\/www.softswiss.com\\\/es\\\/\"},{\"@type\":\"ListItem\",\"position\":2,\"name\":\"Cumplimiento\",\"item\":\"https:\\\/\\\/www.softswiss.com\\\/es\\\/compliance\\\/\"},{\"@type\":\"ListItem\",\"position\":3,\"name\":\"Grecia\"}]},{\"@type\":\"WebSite\",\"@id\":\"https:\\\/\\\/www.softswiss.com\\\/es\\\/#website\",\"url\":\"https:\\\/\\\/www.softswiss.com\\\/es\\\/\",\"name\":\"SOFTSWISS\",\"description\":\"iGaming software provider\",\"publisher\":{\"@id\":\"https:\\\/\\\/www.softswiss.com\\\/es\\\/#organization\"},\"potentialAction\":[{\"@type\":\"SearchAction\",\"target\":{\"@type\":\"EntryPoint\",\"urlTemplate\":\"https:\\\/\\\/www.softswiss.com\\\/es\\\/?s={search_term_string}\"},\"query-input\":{\"@type\":\"PropertyValueSpecification\",\"valueRequired\":true,\"valueName\":\"search_term_string\"}}],\"inLanguage\":\"es\"},{\"@type\":\"Organization\",\"@id\":\"https:\\\/\\\/www.softswiss.com\\\/es\\\/#organization\",\"name\":\"SOFTSWISS\",\"url\":\"https:\\\/\\\/www.softswiss.com\\\/es\\\/\",\"logo\":{\"@type\":\"ImageObject\",\"inLanguage\":\"es\",\"@id\":\"https:\\\/\\\/www.softswiss.com\\\/es\\\/#\\\/schema\\\/logo\\\/image\\\/\",\"url\":\"https:\\\/\\\/www.softswiss.com\\\/wp-content\\\/uploads\\\/2022\\\/04\\\/softswiss-logo-icon.jpg\",\"contentUrl\":\"https:\\\/\\\/www.softswiss.com\\\/wp-content\\\/uploads\\\/2022\\\/04\\\/softswiss-logo-icon.jpg\",\"width\":1024,\"height\":1024,\"caption\":\"SOFTSWISS\"},\"image\":{\"@id\":\"https:\\\/\\\/www.softswiss.com\\\/es\\\/#\\\/schema\\\/logo\\\/image\\\/\"}}]}<\/script>\n<!-- \/ Yoast SEO plugin. -->","yoast_head_json":{"title":"Licencia de juego de Grecia | SOFTSWISS","description":"Consulte los productos de SOFTSWISS que cumplen los requisitos de la Comisi\u00f3n Hel\u00e9nica del Juego para las apuestas en l\u00ednea en Grecia.","robots":{"index":"index","follow":"follow","max-snippet":"max-snippet:-1","max-image-preview":"max-image-preview:large","max-video-preview":"max-video-preview:-1"},"canonical":"https:\/\/www.softswiss.com\/es\/compliance\/greece\/","og_locale":"es_ES","og_type":"article","og_title":"Licencia de juego de Grecia | SOFTSWISS","og_description":"Consulte los productos de SOFTSWISS que cumplen los requisitos de la Comisi\u00f3n Hel\u00e9nica del Juego para las apuestas en l\u00ednea en Grecia.","og_url":"https:\/\/www.softswiss.com\/es\/compliance\/greece\/","og_site_name":"SOFTSWISS","article_modified_time":"2026-02-17T11:09:03+00:00","og_image":[{"width":417,"height":416,"url":"https:\/\/www.softswiss.com\/wp-content\/uploads\/2022\/01\/greece.png","type":"image\/png"}],"twitter_card":"summary_large_image","twitter_misc":{"Tiempo de lectura":"1 minuto"},"schema":{"@context":"https:\/\/schema.org","@graph":[{"@type":"WebPage","@id":"https:\/\/www.softswiss.com\/es\/compliance\/greece\/","url":"https:\/\/www.softswiss.com\/es\/compliance\/greece\/","name":"Licencia de juego de Grecia | SOFTSWISS","isPartOf":{"@id":"https:\/\/www.softswiss.com\/es\/#website"},"primaryImageOfPage":{"@id":"https:\/\/www.softswiss.com\/es\/compliance\/greece\/#primaryimage"},"image":{"@id":"https:\/\/www.softswiss.com\/es\/compliance\/greece\/#primaryimage"},"thumbnailUrl":"https:\/\/www.softswiss.com\/wp-content\/uploads\/2022\/01\/greece.png","datePublished":"2022-01-13T11:08:35+00:00","dateModified":"2026-02-17T11:09:03+00:00","description":"Consulte los productos de SOFTSWISS que cumplen los requisitos de la Comisi\u00f3n Hel\u00e9nica del Juego para las apuestas en l\u00ednea en Grecia.","breadcrumb":{"@id":"https:\/\/www.softswiss.com\/es\/compliance\/greece\/#breadcrumb"},"inLanguage":"es","potentialAction":[{"@type":"ReadAction","target":["https:\/\/www.softswiss.com\/es\/compliance\/greece\/"]}]},{"@type":"ImageObject","inLanguage":"es","@id":"https:\/\/www.softswiss.com\/es\/compliance\/greece\/#primaryimage","url":"https:\/\/www.softswiss.com\/wp-content\/uploads\/2022\/01\/greece.png","contentUrl":"https:\/\/www.softswiss.com\/wp-content\/uploads\/2022\/01\/greece.png","width":417,"height":416,"caption":"Greece flag icon in a rhombus shape with blue and white stripes and a white cross on a blue square"},{"@type":"BreadcrumbList","@id":"https:\/\/www.softswiss.com\/es\/compliance\/greece\/#breadcrumb","itemListElement":[{"@type":"ListItem","position":1,"name":"Home","item":"https:\/\/www.softswiss.com\/es\/"},{"@type":"ListItem","position":2,"name":"Cumplimiento","item":"https:\/\/www.softswiss.com\/es\/compliance\/"},{"@type":"ListItem","position":3,"name":"Grecia"}]},{"@type":"WebSite","@id":"https:\/\/www.softswiss.com\/es\/#website","url":"https:\/\/www.softswiss.com\/es\/","name":"SOFTSWISS","description":"iGaming software provider","publisher":{"@id":"https:\/\/www.softswiss.com\/es\/#organization"},"potentialAction":[{"@type":"SearchAction","target":{"@type":"EntryPoint","urlTemplate":"https:\/\/www.softswiss.com\/es\/?s={search_term_string}"},"query-input":{"@type":"PropertyValueSpecification","valueRequired":true,"valueName":"search_term_string"}}],"inLanguage":"es"},{"@type":"Organization","@id":"https:\/\/www.softswiss.com\/es\/#organization","name":"SOFTSWISS","url":"https:\/\/www.softswiss.com\/es\/","logo":{"@type":"ImageObject","inLanguage":"es","@id":"https:\/\/www.softswiss.com\/es\/#\/schema\/logo\/image\/","url":"https:\/\/www.softswiss.com\/wp-content\/uploads\/2022\/04\/softswiss-logo-icon.jpg","contentUrl":"https:\/\/www.softswiss.com\/wp-content\/uploads\/2022\/04\/softswiss-logo-icon.jpg","width":1024,"height":1024,"caption":"SOFTSWISS"},"image":{"@id":"https:\/\/www.softswiss.com\/es\/#\/schema\/logo\/image\/"}}]}},"_links":{"self":[{"href":"https:\/\/www.softswiss.com\/es\/wp-json\/wp\/v2\/pages\/28564","targetHints":{"allow":["GET"]}}],"collection":[{"href":"https:\/\/www.softswiss.com\/es\/wp-json\/wp\/v2\/pages"}],"about":[{"href":"https:\/\/www.softswiss.com\/es\/wp-json\/wp\/v2\/types\/page"}],"author":[{"embeddable":true,"href":"https:\/\/www.softswiss.com\/es\/wp-json\/wp\/v2\/users\/67"}],"replies":[{"embeddable":true,"href":"https:\/\/www.softswiss.com\/es\/wp-json\/wp\/v2\/comments?post=28564"}],"version-history":[{"count":7,"href":"https:\/\/www.softswiss.com\/es\/wp-json\/wp\/v2\/pages\/28564\/revisions"}],"predecessor-version":[{"id":304296,"href":"https:\/\/www.softswiss.com\/es\/wp-json\/wp\/v2\/pages\/28564\/revisions\/304296"}],"up":[{"embeddable":true,"href":"https:\/\/www.softswiss.com\/es\/wp-json\/wp\/v2\/pages\/28533"}],"wp:featuredmedia":[{"embeddable":true,"href":"https:\/\/www.softswiss.com\/es\/wp-json\/wp\/v2\/media\/23199"}],"wp:attachment":[{"href":"https:\/\/www.softswiss.com\/es\/wp-json\/wp\/v2\/media?parent=28564"}],"wp:term":[{"taxonomy":"content","embeddable":true,"href":"https:\/\/www.softswiss.com\/es\/wp-json\/wp\/v2\/content?post=28564"}],"curies":[{"name":"wp","href":"https:\/\/api.w.org\/{rel}","templated":true}]}}