{"id":24253,"date":"2022-01-02T21:14:53","date_gmt":"2022-01-02T21:14:53","guid":{"rendered":"https:\/\/www.softswiss.com\/?page_id=24253"},"modified":"2025-01-14T14:40:31","modified_gmt":"2025-01-14T14:40:31","slug":"contact-us","status":"publish","type":"page","link":"https:\/\/www.softswiss.com\/es\/contact-us\/","title":{"rendered":"Cont\u00e1ctenos"},"content":[],"excerpt":{"rendered":"","protected":false},"author":7,"featured_media":142388,"parent":0,"menu_order":0,"comment_status":"closed","ping_status":"closed","template":"page-templates\/contact_page.php","meta":{"_acf_changed":false,"limit_modified_date":"","last_modified_date":"","ep_exclude_from_search":false,"footnotes":""},"class_list":["post-24253","page","type-page","status-publish","has-post-thumbnail","hentry"],"acf":[],"yoast_head":"<!-- This site is optimized with the Yoast SEO plugin v27.2 - https:\/\/yoast.com\/product\/yoast-seo-wordpress\/ -->\n<title>Cont\u00e1ctenos | SOFTSWISS<\/title>\n<meta name=\"description\" content=\"Comun\u00edquese con nuestro equipo de ventas para cualquier pregunta relacionada con su casino en l\u00ednea, casa de apuestas deportivas o integraci\u00f3n de juegos.\" \/>\n<meta name=\"robots\" content=\"index, follow, max-snippet:-1, max-image-preview:large, max-video-preview:-1\" \/>\n<link rel=\"canonical\" href=\"https:\/\/www.softswiss.com\/es\/contact-us\/\" \/>\n<meta property=\"og:locale\" content=\"es_ES\" \/>\n<meta property=\"og:type\" content=\"article\" \/>\n<meta property=\"og:title\" content=\"Cont\u00e1ctenos | SOFTSWISS\" \/>\n<meta property=\"og:description\" content=\"Comun\u00edquese con nuestro equipo de ventas para cualquier pregunta relacionada con su casino en l\u00ednea, casa de apuestas deportivas o integraci\u00f3n de juegos.\" \/>\n<meta property=\"og:url\" content=\"https:\/\/www.softswiss.com\/es\/contact-us\/\" \/>\n<meta property=\"og:site_name\" content=\"SOFTSWISS\" \/>\n<meta property=\"article:modified_time\" content=\"2025-01-14T14:40:31+00:00\" \/>\n<meta property=\"og:image\" content=\"https:\/\/www.softswiss.com\/wp-content\/uploads\/2025\/01\/softswiss.webp\" \/>\n\t<meta property=\"og:image:width\" content=\"1200\" \/>\n\t<meta property=\"og:image:height\" content=\"630\" \/>\n\t<meta property=\"og:image:type\" content=\"image\/webp\" \/>\n<meta name=\"twitter:card\" content=\"summary_large_image\" \/>\n<meta name=\"twitter:label1\" content=\"Tiempo de lectura\" \/>\n\t<meta name=\"twitter:data1\" content=\"1 minuto\" \/>\n<script type=\"application\/ld+json\" class=\"yoast-schema-graph\">{\"@context\":\"https:\/\/schema.org\",\"@graph\":[{\"@type\":\"WebPage\",\"@id\":\"https:\/\/www.softswiss.com\/es\/contact-us\/\",\"url\":\"https:\/\/www.softswiss.com\/es\/contact-us\/\",\"name\":\"Cont\u00e1ctenos | SOFTSWISS\",\"isPartOf\":{\"@id\":\"https:\/\/www.softswiss.com\/es\/#website\"},\"primaryImageOfPage\":{\"@id\":\"https:\/\/www.softswiss.com\/es\/contact-us\/#primaryimage\"},\"image\":{\"@id\":\"https:\/\/www.softswiss.com\/es\/contact-us\/#primaryimage\"},\"thumbnailUrl\":\"https:\/\/www.softswiss.com\/wp-content\/uploads\/2025\/01\/softswiss.webp\",\"datePublished\":\"2022-01-02T21:14:53+00:00\",\"dateModified\":\"2025-01-14T14:40:31+00:00\",\"description\":\"Comun\u00edquese con nuestro equipo de ventas para cualquier pregunta relacionada con su casino en l\u00ednea, casa de apuestas deportivas o integraci\u00f3n de juegos.\",\"breadcrumb\":{\"@id\":\"https:\/\/www.softswiss.com\/es\/contact-us\/#breadcrumb\"},\"inLanguage\":\"es\",\"potentialAction\":[{\"@type\":\"ReadAction\",\"target\":[\"https:\/\/www.softswiss.com\/es\/contact-us\/\"]}]},{\"@type\":\"ImageObject\",\"inLanguage\":\"es\",\"@id\":\"https:\/\/www.softswiss.com\/es\/contact-us\/#primaryimage\",\"url\":\"https:\/\/www.softswiss.com\/wp-content\/uploads\/2025\/01\/softswiss.webp\",\"contentUrl\":\"https:\/\/www.softswiss.com\/wp-content\/uploads\/2025\/01\/softswiss.webp\",\"width\":1200,\"height\":630,\"caption\":\"softswiss-featured-image\"},{\"@type\":\"BreadcrumbList\",\"@id\":\"https:\/\/www.softswiss.com\/es\/contact-us\/#breadcrumb\",\"itemListElement\":[{\"@type\":\"ListItem\",\"position\":1,\"name\":\"Home\",\"item\":\"https:\/\/www.softswiss.com\/es\/\"},{\"@type\":\"ListItem\",\"position\":2,\"name\":\"Cont\u00e1ctenos\"}]},{\"@type\":\"WebSite\",\"@id\":\"https:\/\/www.softswiss.com\/es\/#website\",\"url\":\"https:\/\/www.softswiss.com\/es\/\",\"name\":\"SOFTSWISS\",\"description\":\"iGaming software provider\",\"publisher\":{\"@id\":\"https:\/\/www.softswiss.com\/es\/#organization\"},\"potentialAction\":[{\"@type\":\"SearchAction\",\"target\":{\"@type\":\"EntryPoint\",\"urlTemplate\":\"https:\/\/www.softswiss.com\/es\/?s={search_term_string}\"},\"query-input\":{\"@type\":\"PropertyValueSpecification\",\"valueRequired\":true,\"valueName\":\"search_term_string\"}}],\"inLanguage\":\"es\"},{\"@type\":\"Organization\",\"@id\":\"https:\/\/www.softswiss.com\/es\/#organization\",\"name\":\"SOFTSWISS\",\"url\":\"https:\/\/www.softswiss.com\/es\/\",\"logo\":{\"@type\":\"ImageObject\",\"inLanguage\":\"es\",\"@id\":\"https:\/\/www.softswiss.com\/es\/#\/schema\/logo\/image\/\",\"url\":\"https:\/\/www.softswiss.com\/wp-content\/uploads\/2022\/04\/softswiss-logo-icon.jpg\",\"contentUrl\":\"https:\/\/www.softswiss.com\/wp-content\/uploads\/2022\/04\/softswiss-logo-icon.jpg\",\"width\":1024,\"height\":1024,\"caption\":\"SOFTSWISS\"},\"image\":{\"@id\":\"https:\/\/www.softswiss.com\/es\/#\/schema\/logo\/image\/\"}}]}<\/script>\n<!-- \/ Yoast SEO plugin. -->","yoast_head_json":{"title":"Cont\u00e1ctenos | SOFTSWISS","description":"Comun\u00edquese con nuestro equipo de ventas para cualquier pregunta relacionada con su casino en l\u00ednea, casa de apuestas deportivas o integraci\u00f3n de juegos.","robots":{"index":"index","follow":"follow","max-snippet":"max-snippet:-1","max-image-preview":"max-image-preview:large","max-video-preview":"max-video-preview:-1"},"canonical":"https:\/\/www.softswiss.com\/es\/contact-us\/","og_locale":"es_ES","og_type":"article","og_title":"Cont\u00e1ctenos | SOFTSWISS","og_description":"Comun\u00edquese con nuestro equipo de ventas para cualquier pregunta relacionada con su casino en l\u00ednea, casa de apuestas deportivas o integraci\u00f3n de juegos.","og_url":"https:\/\/www.softswiss.com\/es\/contact-us\/","og_site_name":"SOFTSWISS","article_modified_time":"2025-01-14T14:40:31+00:00","og_image":[{"width":1200,"height":630,"url":"https:\/\/www.softswiss.com\/wp-content\/uploads\/2025\/01\/softswiss.webp","type":"image\/webp"}],"twitter_card":"summary_large_image","twitter_misc":{"Tiempo de lectura":"1 minuto"},"schema":{"@context":"https:\/\/schema.org","@graph":[{"@type":"WebPage","@id":"https:\/\/www.softswiss.com\/es\/contact-us\/","url":"https:\/\/www.softswiss.com\/es\/contact-us\/","name":"Cont\u00e1ctenos | SOFTSWISS","isPartOf":{"@id":"https:\/\/www.softswiss.com\/es\/#website"},"primaryImageOfPage":{"@id":"https:\/\/www.softswiss.com\/es\/contact-us\/#primaryimage"},"image":{"@id":"https:\/\/www.softswiss.com\/es\/contact-us\/#primaryimage"},"thumbnailUrl":"https:\/\/www.softswiss.com\/wp-content\/uploads\/2025\/01\/softswiss.webp","datePublished":"2022-01-02T21:14:53+00:00","dateModified":"2025-01-14T14:40:31+00:00","description":"Comun\u00edquese con nuestro equipo de ventas para cualquier pregunta relacionada con su casino en l\u00ednea, casa de apuestas deportivas o integraci\u00f3n de juegos.","breadcrumb":{"@id":"https:\/\/www.softswiss.com\/es\/contact-us\/#breadcrumb"},"inLanguage":"es","potentialAction":[{"@type":"ReadAction","target":["https:\/\/www.softswiss.com\/es\/contact-us\/"]}]},{"@type":"ImageObject","inLanguage":"es","@id":"https:\/\/www.softswiss.com\/es\/contact-us\/#primaryimage","url":"https:\/\/www.softswiss.com\/wp-content\/uploads\/2025\/01\/softswiss.webp","contentUrl":"https:\/\/www.softswiss.com\/wp-content\/uploads\/2025\/01\/softswiss.webp","width":1200,"height":630,"caption":"softswiss-featured-image"},{"@type":"BreadcrumbList","@id":"https:\/\/www.softswiss.com\/es\/contact-us\/#breadcrumb","itemListElement":[{"@type":"ListItem","position":1,"name":"Home","item":"https:\/\/www.softswiss.com\/es\/"},{"@type":"ListItem","position":2,"name":"Cont\u00e1ctenos"}]},{"@type":"WebSite","@id":"https:\/\/www.softswiss.com\/es\/#website","url":"https:\/\/www.softswiss.com\/es\/","name":"SOFTSWISS","description":"iGaming software provider","publisher":{"@id":"https:\/\/www.softswiss.com\/es\/#organization"},"potentialAction":[{"@type":"SearchAction","target":{"@type":"EntryPoint","urlTemplate":"https:\/\/www.softswiss.com\/es\/?s={search_term_string}"},"query-input":{"@type":"PropertyValueSpecification","valueRequired":true,"valueName":"search_term_string"}}],"inLanguage":"es"},{"@type":"Organization","@id":"https:\/\/www.softswiss.com\/es\/#organization","name":"SOFTSWISS","url":"https:\/\/www.softswiss.com\/es\/","logo":{"@type":"ImageObject","inLanguage":"es","@id":"https:\/\/www.softswiss.com\/es\/#\/schema\/logo\/image\/","url":"https:\/\/www.softswiss.com\/wp-content\/uploads\/2022\/04\/softswiss-logo-icon.jpg","contentUrl":"https:\/\/www.softswiss.com\/wp-content\/uploads\/2022\/04\/softswiss-logo-icon.jpg","width":1024,"height":1024,"caption":"SOFTSWISS"},"image":{"@id":"https:\/\/www.softswiss.com\/es\/#\/schema\/logo\/image\/"}}]}},"_links":{"self":[{"href":"https:\/\/www.softswiss.com\/es\/wp-json\/wp\/v2\/pages\/24253","targetHints":{"allow":["GET"]}}],"collection":[{"href":"https:\/\/www.softswiss.com\/es\/wp-json\/wp\/v2\/pages"}],"about":[{"href":"https:\/\/www.softswiss.com\/es\/wp-json\/wp\/v2\/types\/page"}],"author":[{"embeddable":true,"href":"https:\/\/www.softswiss.com\/es\/wp-json\/wp\/v2\/users\/7"}],"replies":[{"embeddable":true,"href":"https:\/\/www.softswiss.com\/es\/wp-json\/wp\/v2\/comments?post=24253"}],"version-history":[{"count":8,"href":"https:\/\/www.softswiss.com\/es\/wp-json\/wp\/v2\/pages\/24253\/revisions"}],"predecessor-version":[{"id":100150,"href":"https:\/\/www.softswiss.com\/es\/wp-json\/wp\/v2\/pages\/24253\/revisions\/100150"}],"wp:featuredmedia":[{"embeddable":true,"href":"https:\/\/www.softswiss.com\/es\/wp-json\/wp\/v2\/media\/142388"}],"wp:attachment":[{"href":"https:\/\/www.softswiss.com\/es\/wp-json\/wp\/v2\/media?parent=24253"}],"wp:term":[{"taxonomy":"content","embeddable":true,"href":"https:\/\/www.softswiss.com\/es\/wp-json\/wp\/v2\/content?post=24253"}],"curies":[{"name":"wp","href":"https:\/\/api.w.org\/{rel}","templated":true}]}}